{"id":569,"date":"2024-03-06T12:22:11","date_gmt":"2024-03-06T11:22:11","guid":{"rendered":"https:\/\/www.lsp.es\/vitolamin\/?page_id=569"},"modified":"2024-06-05T11:02:28","modified_gmt":"2024-06-05T09:02:28","slug":"blog-salud-2","status":"publish","type":"page","link":"https:\/\/www.lsp.es\/vitolamin\/blog-salud-2\/","title":{"rendered":"BLOG"},"content":{"rendered":"<p>[et_pb_section fb_built=\u00bb1&#8243; _builder_version=\u00bb4.24.0&#8243; _module_preset=\u00bbdefault\u00bb background_image=\u00bbhttps:\/\/www.lsp.es\/vitolamin\/wp-content\/uploads\/2024\/03\/Fondo-Blog-1-scaled.jpg\u00bb parallax=\u00bbon\u00bb background_blend=\u00bblighten\u00bb custom_padding=\u00bb54px|||||\u00bb global_colors_info=\u00bb{}\u00bb][et_pb_row column_structure=\u00bb1_2,1_6,1_6,1_6&#8243; _builder_version=\u00bb4.24.0&#8243; _module_preset=\u00bbdefault\u00bb min_height=\u00bb132px\u00bb global_colors_info=\u00bb{}\u00bb][et_pb_column type=\u00bb1_2&#8243; _builder_version=\u00bb4.24.0&#8243; _module_preset=\u00bbdefault\u00bb global_colors_info=\u00bb{}\u00bb][et_pb_image _builder_version=\u00bb4.24.0&#8243; _module_preset=\u00bbdefault\u00bb global_colors_info=\u00bb{}\u00bb][\/et_pb_image][\/et_pb_column][et_pb_column type=\u00bb1_6&#8243; _builder_version=\u00bb4.24.0&#8243; _module_preset=\u00bbdefault\u00bb global_colors_info=\u00bb{}\u00bb][\/et_pb_column][et_pb_column type=\u00bb1_6&#8243; _builder_version=\u00bb4.24.0&#8243; _module_preset=\u00bbdefault\u00bb global_colors_info=\u00bb{}\u00bb][et_pb_heading title=\u00bbBLOG SALUD\u00bb _builder_version=\u00bb4.24.0&#8243; _module_preset=\u00bbdefault\u00bb title_font=\u00bb|700|||||||\u00bb title_text_align=\u00bbcenter\u00bb title_text_color=\u00bb#ffeac4&#8243; title_font_size=\u00bb40px\u00bb width=\u00bb100%\u00bb custom_margin=\u00bb||-2px|||\u00bb global_colors_info=\u00bb{}\u00bb][\/et_pb_heading][\/et_pb_column][et_pb_column type=\u00bb1_6&#8243; _builder_version=\u00bb4.24.0&#8243; _module_preset=\u00bbdefault\u00bb global_colors_info=\u00bb{}\u00bb][\/et_pb_column][\/et_pb_row][et_pb_row column_structure=\u00bb1_2,1_4,1_4&#8243; _builder_version=\u00bb4.24.0&#8243; _module_preset=\u00bbdefault\u00bb global_colors_info=\u00bb{}\u00bb][et_pb_column type=\u00bb1_2&#8243; _builder_version=\u00bb4.24.0&#8243; _module_preset=\u00bbdefault\u00bb global_colors_info=\u00bb{}\u00bb][\/et_pb_column][et_pb_column type=\u00bb1_4&#8243; _builder_version=\u00bb4.24.0&#8243; _module_preset=\u00bbdefault\u00bb global_colors_info=\u00bb{}\u00bb][\/et_pb_column][et_pb_column type=\u00bb1_4&#8243; _builder_version=\u00bb4.24.0&#8243; _module_preset=\u00bbdefault\u00bb global_colors_info=\u00bb{}\u00bb][\/et_pb_column][\/et_pb_row][et_pb_row _builder_version=\u00bb4.24.0&#8243; _module_preset=\u00bbdefault\u00bb border_color_all=\u00bb#FFEAC4&#8243; global_colors_info=\u00bb{}\u00bb][et_pb_column type=\u00bb4_4&#8243; _builder_version=\u00bb4.24.0&#8243; _module_preset=\u00bbdefault\u00bb global_colors_info=\u00bb{}\u00bb][et_pb_divider color=\u00bb#fcf1d6&#8243; divider_weight=\u00bb2px\u00bb _builder_version=\u00bb4.24.0&#8243; _module_preset=\u00bbdefault\u00bb global_colors_info=\u00bb{}\u00bb][\/et_pb_divider][\/et_pb_column][\/et_pb_row][et_pb_row column_structure=\u00bb1_3,1_3,1_3&#8243; _builder_version=\u00bb4.24.0&#8243; _module_preset=\u00bbdefault\u00bb background_color=\u00bbrgba(252,252,252,0.13)\u00bb global_colors_info=\u00bb{}\u00bb][et_pb_column type=\u00bb1_3&#8243; _builder_version=\u00bb4.24.0&#8243; _module_preset=\u00bbdefault\u00bb global_colors_info=\u00bb{}\u00bb][et_pb_image src=\u00bbhttps:\/\/www.lsp.es\/vitolamin\/wp-content\/uploads\/2024\/03\/Biotina-GirlHair.jpg\u00bb title_text=\u00bbBiotina GirlHair\u00bb url=\u00bbhttps:\/\/www.lsp.es\/vitolamin\/blog-cabello\/\u00bb url_new_window=\u00bbon\u00bb _builder_version=\u00bb4.24.0&#8243; _module_preset=\u00bbdefault\u00bb background_color=\u00bb#FFFFFF\u00bb border_color_all=\u00bb#000000&#8243; border_style_all=\u00bbdotted\u00bb box_shadow_style=\u00bbpreset1&#8243; box_shadow_horizontal=\u00bb5px\u00bb global_colors_info=\u00bb{}\u00bb][\/et_pb_image][\/et_pb_column][et_pb_column type=\u00bb1_3&#8243; _builder_version=\u00bb4.24.0&#8243; _module_preset=\u00bbdefault\u00bb global_colors_info=\u00bb{}\u00bb][et_pb_image src=\u00bbhttps:\/\/www.lsp.es\/vitolamin\/wp-content\/uploads\/2024\/03\/shutterstock_1821513077-scaled.jpg\u00bb title_text=\u00bbTop,Above,High,Angle,View,Photo,Of,Positive,Cheerful,Girl\u00bb url=\u00bbhttps:\/\/www.lsp.es\/vitolamin\/blog-sueno\/\u00bb url_new_window=\u00bbon\u00bb _builder_version=\u00bb4.24.0&#8243; _module_preset=\u00bbdefault\u00bb min_height=\u00bb214px\u00bb border_color_all=\u00bb#FFFFFF\u00bb border_style_all=\u00bbdotted\u00bb box_shadow_style=\u00bbpreset1&#8243; global_colors_info=\u00bb{}\u00bb][\/et_pb_image][\/et_pb_column][et_pb_column type=\u00bb1_3&#8243; _builder_version=\u00bb4.24.0&#8243; _module_preset=\u00bbdefault\u00bb global_colors_info=\u00bb{}\u00bb][et_pb_image src=\u00bbhttps:\/\/www.lsp.es\/vitolamin\/wp-content\/uploads\/2024\/03\/shutterstock_262748705-scaled.jpg\u00bb title_text=\u00bbExercising,With,Father.,Happy,Little,Children,Bonding,To,Their,Father\u00bb url=\u00bbhttps:\/\/www.lsp.es\/vitolamin\/blog-salud\/\u00bb url_new_window=\u00bbon\u00bb _builder_version=\u00bb4.24.0&#8243; _module_preset=\u00bbdefault\u00bb min_height=\u00bb212.9px\u00bb border_color_all=\u00bb#000000&#8243; border_style_all=\u00bbdotted\u00bb box_shadow_style=\u00bbpreset1&#8243; global_colors_info=\u00bb{}\u00bb][\/et_pb_image][\/et_pb_column][\/et_pb_row][et_pb_row column_structure=\u00bb1_3,1_3,1_3&#8243; _builder_version=\u00bb4.24.0&#8243; _module_preset=\u00bbdefault\u00bb min_height=\u00bb208.6px\u00bb custom_padding=\u00bb||3px|||\u00bb global_colors_info=\u00bb{}\u00bb][et_pb_column type=\u00bb1_3&#8243; _builder_version=\u00bb4.24.0&#8243; _module_preset=\u00bbdefault\u00bb global_colors_info=\u00bb{}\u00bb][et_pb_text _builder_version=\u00bb4.24.0&#8243; _module_preset=\u00bbdefault\u00bb background_enable_color=\u00bboff\u00bb min_height=\u00bb116.6px\u00bb custom_padding=\u00bb||2px|||\u00bb border_radii=\u00bbon|5px|5px|5px|5px\u00bb global_colors_info=\u00bb{}\u00bb]<\/p>\n<p style=\"text-align: justify;\"><span style=\"color: #000000;\"><strong>CUIDAR DEL CABELLO<\/strong> <strong><span style=\"font-size: 14px;\">ES <\/span><\/strong><strong style=\"font-size: 14px;\">UNA TAREA DIARIA <\/strong>Aplicarse una mascarilla de vez en cuando, cortarse las puntas o peinarse a diario, no es suficiente para mantener un pelo bonito, sano y brillante. Aqu\u00ed encontrar\u00e1s algunos consejos adem\u00e1s de los productos destacados.<\/span><strong><\/strong><\/p>\n<p>[\/et_pb_text][\/et_pb_column][et_pb_column type=\u00bb1_3&#8243; _builder_version=\u00bb4.24.0&#8243; _module_preset=\u00bbdefault\u00bb global_colors_info=\u00bb{}\u00bb][et_pb_text _builder_version=\u00bb4.24.0&#8243; _module_preset=\u00bbdefault\u00bb background_enable_color=\u00bboff\u00bb custom_padding=\u00bb||0px|0px||\u00bb border_radii=\u00bbon|5px|5px|5px|5px\u00bb global_colors_info=\u00bb{}\u00bb]<\/p>\n<p style=\"text-align: justify;\"><span style=\"font-size: 14px; color: #000000;\"><strong>DORMIR UN VERDADERO PLACER NECESARIO<\/strong> El sue\u00f1o permite que nuestro cuerpo se relaje, revitalice y reponga. Ayuda a que el sistema inmunitario funcione mejor, y\u00a0 hace que nos mantengamos mentalmente alerta. Los adultos suelen necesitar 7 horas de sue\u00f1o cada noche.<\/span><\/p>\n<p>[\/et_pb_text][\/et_pb_column][et_pb_column type=\u00bb1_3&#8243; _builder_version=\u00bb4.24.0&#8243; _module_preset=\u00bbdefault\u00bb global_colors_info=\u00bb{}\u00bb][et_pb_text _builder_version=\u00bb4.24.0&#8243; _module_preset=\u00bbdefault\u00bb background_enable_color=\u00bboff\u00bb border_radii=\u00bbon|5px|5px|5px|5px\u00bb global_colors_info=\u00bb{}\u00bb]<\/p>\n<p style=\"text-align: justify;\"><span style=\"color: #000000;\"><strong>TU SALUD ES EL BIENESTAR DE TU FAMILIA\u00a0<\/strong> Llevar una alimentaci\u00f3n equilibrada, practicar ejercicio de forma habitual y mantener una buena higiene, son pr\u00e1cticas que nos ayudar\u00e1n a mantenernos sanos y conseguir un bienestar familiar.<\/span><\/p>\n<p>[\/et_pb_text][\/et_pb_column][\/et_pb_row][et_pb_row _builder_version=\u00bb4.24.0&#8243; _module_preset=\u00bbdefault\u00bb global_colors_info=\u00bb{}\u00bb][et_pb_column type=\u00bb4_4&#8243; _builder_version=\u00bb4.24.0&#8243; _module_preset=\u00bbdefault\u00bb global_colors_info=\u00bb{}\u00bb][et_pb_divider color=\u00bb#fff0ce\u00bb divider_weight=\u00bb2px\u00bb _builder_version=\u00bb4.24.0&#8243; _module_preset=\u00bbdefault\u00bb global_colors_info=\u00bb{}\u00bb][\/et_pb_divider][\/et_pb_column][\/et_pb_row][et_pb_row column_structure=\u00bb1_3,1_3,1_3&#8243; _builder_version=\u00bb4.24.0&#8243; _module_preset=\u00bbdefault\u00bb background_color=\u00bbrgba(255,255,255,0.2)\u00bb global_colors_info=\u00bb{}\u00bb][et_pb_column type=\u00bb1_3&#8243; _builder_version=\u00bb4.24.0&#8243; _module_preset=\u00bbdefault\u00bb global_colors_info=\u00bb{}\u00bb][et_pb_image src=\u00bbhttps:\/\/www.lsp.es\/vitolamin\/wp-content\/uploads\/2024\/03\/alimentos-reloj.jpg\u00bb title_text=\u00bbalimentos-reloj\u00bb url=\u00bbhttps:\/\/www.lsp.es\/vitolamin\/blog-alimentacion\/\u00bb url_new_window=\u00bbon\u00bb _builder_version=\u00bb4.24.0&#8243; _module_preset=\u00bbdefault\u00bb border_color_all=\u00bb#FFFFFF\u00bb border_style_all=\u00bbdotted\u00bb box_shadow_style=\u00bbpreset1&#8243; global_colors_info=\u00bb{}\u00bb][\/et_pb_image][\/et_pb_column][et_pb_column type=\u00bb1_3&#8243; _builder_version=\u00bb4.24.0&#8243; _module_preset=\u00bbdefault\u00bb global_colors_info=\u00bb{}\u00bb][et_pb_image src=\u00bbhttps:\/\/www.lsp.es\/vitolamin\/wp-content\/uploads\/2024\/03\/shutterstock_1198371742-scaled.jpg\u00bb title_text=\u00bbTwo,Young,Beautiful,Blond,Smiling,Hipster,Girls,In,Trendy,Summer\u00bb url=\u00bbhttps:\/\/www.lsp.es\/vitolamin\/blog-millenials\/\u00bb url_new_window=\u00bbon\u00bb _builder_version=\u00bb4.24.0&#8243; _module_preset=\u00bbdefault\u00bb border_color_all=\u00bb#000000&#8243; border_style_all=\u00bbdotted\u00bb box_shadow_style=\u00bbpreset1&#8243; global_colors_info=\u00bb{}\u00bb][\/et_pb_image][\/et_pb_column][et_pb_column type=\u00bb1_3&#8243; _builder_version=\u00bb4.24.0&#8243; _module_preset=\u00bbdefault\u00bb global_colors_info=\u00bb{}\u00bb][et_pb_image src=\u00bbhttps:\/\/www.lsp.es\/vitolamin\/wp-content\/uploads\/2024\/03\/Chico-Gym-scaled.jpg\u00bb title_text=\u00bbMale,Athlete,Exercising,With,Barbell,At,Gym\u00bb _builder_version=\u00bb4.24.0&#8243; _module_preset=\u00bbdefault\u00bb custom_padding=\u00bb||7px|||\u00bb hover_enabled=\u00bb0&#8243; border_color_all=\u00bb#FFFFFF\u00bb border_style_all=\u00bbdotted\u00bb box_shadow_style=\u00bbpreset1&#8243; global_colors_info=\u00bb{}\u00bb url=\u00bbhttps:\/\/www.lsp.es\/vitolamin\/blog-deporte\/\u00bb url_new_window=\u00bbon\u00bb sticky_enabled=\u00bb0&#8243;][\/et_pb_image][\/et_pb_column][\/et_pb_row][et_pb_row column_structure=\u00bb1_3,1_3,1_3&#8243; _builder_version=\u00bb4.24.0&#8243; _module_preset=\u00bbdefault\u00bb global_colors_info=\u00bb{}\u00bb][et_pb_column type=\u00bb1_3&#8243; _builder_version=\u00bb4.24.0&#8243; _module_preset=\u00bbdefault\u00bb global_colors_info=\u00bb{}\u00bb][et_pb_text _builder_version=\u00bb4.24.0&#8243; _module_preset=\u00bbdefault\u00bb background_enable_color=\u00bboff\u00bb border_radii=\u00bbon|5px|5px|5px|5px\u00bb global_colors_info=\u00bb{}\u00bb]<\/p>\n<p style=\"text-align: justify;\"><span style=\"color: #000000;\"><strong>COMER DE FORMA SANA Y EQUILIBRADA\u00a0 \u00a0 \u00a0 <\/strong>Una dieta sana y equilibrada es aquella que nos aporta todos los nutrientes, en calidad y cantidad, necesarios para el funcionamiento \u00f3ptimo de nuestro organismo.<\/span><\/p>\n<p>[\/et_pb_text][\/et_pb_column][et_pb_column type=\u00bb1_3&#8243; _builder_version=\u00bb4.24.0&#8243; _module_preset=\u00bbdefault\u00bb global_colors_info=\u00bb{}\u00bb][et_pb_text _builder_version=\u00bb4.24.0&#8243; _module_preset=\u00bbdefault\u00bb background_enable_color=\u00bboff\u00bb min_height=\u00bb119px\u00bb custom_padding=\u00bb||1px|||\u00bb border_radii=\u00bbon|5px|5px|5px|5px\u00bb global_colors_info=\u00bb{}\u00bb]<\/p>\n<p style=\"text-align: justify;\"><span style=\"color: #000000;\"><strong>SUPLEMENTOS PARA TODAS LAS EDADES <\/strong>\u00a0 Desde los j\u00f3venes y adolescentes (deporte, estudios), a los adultos (trabajo, estr\u00e9s, sue\u00f1o), incluso los m\u00e1s mayores (huesos, cansancio, memoria).<\/span><\/p>\n<p>[\/et_pb_text][\/et_pb_column][et_pb_column type=\u00bb1_3&#8243; _builder_version=\u00bb4.24.0&#8243; _module_preset=\u00bbdefault\u00bb global_colors_info=\u00bb{}\u00bb][et_pb_text _builder_version=\u00bb4.24.0&#8243; _module_preset=\u00bbdefault\u00bb background_enable_color=\u00bboff\u00bb custom_padding=\u00bb0px|||||\u00bb border_radii=\u00bbon|5px|5px|5px|5px\u00bb global_colors_info=\u00bb{}\u00bb]<\/p>\n<p style=\"text-align: justify;\"><span style=\"color: #000000;\"><strong>PRACTICAR EJERCICIO COMO RUTINA DIARIA <\/strong>Seguir una rutina diaria de ejercicios b\u00e1sicos y de estiramientos es muy recomendable para mantener el cuerpo flexible y \u00e1gil, previniendo as\u00ed la rigidez y el malestar muscular.<\/span><\/p>\n<p>[\/et_pb_text][\/et_pb_column][\/et_pb_row][et_pb_row _builder_version=\u00bb4.24.0&#8243; _module_preset=\u00bbdefault\u00bb global_colors_info=\u00bb{}\u00bb][et_pb_column type=\u00bb4_4&#8243; _builder_version=\u00bb4.24.0&#8243; _module_preset=\u00bbdefault\u00bb global_colors_info=\u00bb{}\u00bb][et_pb_social_media_follow follow_button=\u00bbon\u00bb use_icon_font_size=\u00bbon\u00bb icon_font_size=\u00bb20px\u00bb _builder_version=\u00bb4.24.0&#8243; _module_preset=\u00bbdefault\u00bb background_enable_color=\u00bboff\u00bb background_layout=\u00bbdark\u00bb global_colors_info=\u00bb{}\u00bb][et_pb_social_media_follow_network social_network=\u00bbfacebook\u00bb url=\u00bbhttps:\/\/www.facebook.com\/profile.php?id=100083570912249&#8243; _builder_version=\u00bb4.24.0&#8243; _module_preset=\u00bbdefault\u00bb background_color=\u00bb#3b5998&#8243; global_colors_info=\u00bb{}\u00bb follow_button=\u00bbon\u00bb url_new_window=\u00bbon\u00bb]facebook[\/et_pb_social_media_follow_network][et_pb_social_media_follow_network social_network=\u00bbinstagram\u00bb url=\u00bbhttps:\/\/www.instagram.com\/vitolamin\/\u00bb _builder_version=\u00bb4.24.0&#8243; _module_preset=\u00bbdefault\u00bb background_color=\u00bb#ea2c59&#8243; global_colors_info=\u00bb{}\u00bb follow_button=\u00bbon\u00bb url_new_window=\u00bbon\u00bb]instagram[\/et_pb_social_media_follow_network][\/et_pb_social_media_follow][\/et_pb_column][\/et_pb_row][\/et_pb_section]<\/p>\n","protected":false},"excerpt":{"rendered":"<p>CUIDAR DEL CABELLO ES UNA TAREA DIARIA Aplicarse una mascarilla de vez en cuando, cortarse las puntas o peinarse a diario, no es suficiente para mantener un pelo bonito, sano y brillante. Aqu\u00ed encontrar\u00e1s algunos consejos adem\u00e1s de los productos destacados.DORMIR UN VERDADERO PLACER NECESARIO El sue\u00f1o permite que nuestro cuerpo se relaje, revitalice y [&hellip;]<\/p>\n","protected":false},"author":1,"featured_media":0,"parent":0,"menu_order":0,"comment_status":"closed","ping_status":"closed","template":"","meta":{"_et_pb_use_builder":"on","_et_pb_old_content":"","_et_gb_content_width":"","footnotes":""},"class_list":["post-569","page","type-page","status-publish","hentry"],"yoast_head":"<!-- This site is optimized with the Yoast SEO plugin v27.5 - https:\/\/yoast.com\/product\/yoast-seo-wordpress\/ -->\n<title>BLOG - Laboratorios Serra P\u00e0mies<\/title>\n<meta name=\"description\" content=\"blog para la salud y el cuidado diario de toda la familia con trucos, novedades y consejos para conseguir el m\u00e1ximo rendimiento y bienestar\" \/>\n<meta name=\"robots\" content=\"index, follow, max-snippet:-1, max-image-preview:large, max-video-preview:-1\" \/>\n<link rel=\"canonical\" href=\"https:\/\/www.lsp.es\/vitolamin\/blog-salud-2\/\" \/>\n<meta property=\"og:locale\" content=\"es_ES\" \/>\n<meta property=\"og:type\" content=\"article\" \/>\n<meta property=\"og:title\" content=\"BLOG - Laboratorios Serra P\u00e0mies\" \/>\n<meta property=\"og:description\" content=\"blog para la salud y el cuidado diario de toda la familia con trucos, novedades y consejos para conseguir el m\u00e1ximo rendimiento y bienestar\" \/>\n<meta property=\"og:url\" content=\"https:\/\/www.lsp.es\/vitolamin\/blog-salud-2\/\" \/>\n<meta property=\"og:site_name\" content=\"Laboratorios Serra P\u00e0mies\" \/>\n<meta property=\"article:modified_time\" content=\"2024-06-05T09:02:28+00:00\" \/>\n<meta name=\"twitter:card\" content=\"summary_large_image\" \/>\n<meta name=\"twitter:label1\" content=\"Tiempo de lectura\" \/>\n\t<meta name=\"twitter:data1\" content=\"3 minutos\" \/>\n<script type=\"application\/ld+json\" class=\"yoast-schema-graph\">{\"@context\":\"https:\\\/\\\/schema.org\",\"@graph\":[{\"@type\":\"WebPage\",\"@id\":\"https:\\\/\\\/www.lsp.es\\\/vitolamin\\\/blog-salud-2\\\/\",\"url\":\"https:\\\/\\\/www.lsp.es\\\/vitolamin\\\/blog-salud-2\\\/\",\"name\":\"BLOG - Laboratorios Serra P\u00e0mies\",\"isPartOf\":{\"@id\":\"https:\\\/\\\/www.lsp.es\\\/vitolamin\\\/#website\"},\"datePublished\":\"2024-03-06T11:22:11+00:00\",\"dateModified\":\"2024-06-05T09:02:28+00:00\",\"description\":\"blog para la salud y el cuidado diario de toda la familia con trucos, novedades y consejos para conseguir el m\u00e1ximo rendimiento y bienestar\",\"breadcrumb\":{\"@id\":\"https:\\\/\\\/www.lsp.es\\\/vitolamin\\\/blog-salud-2\\\/#breadcrumb\"},\"inLanguage\":\"es\",\"potentialAction\":[{\"@type\":\"ReadAction\",\"target\":[\"https:\\\/\\\/www.lsp.es\\\/vitolamin\\\/blog-salud-2\\\/\"]}]},{\"@type\":\"BreadcrumbList\",\"@id\":\"https:\\\/\\\/www.lsp.es\\\/vitolamin\\\/blog-salud-2\\\/#breadcrumb\",\"itemListElement\":[{\"@type\":\"ListItem\",\"position\":1,\"name\":\"Portada\",\"item\":\"https:\\\/\\\/www.lsp.es\\\/vitolamin\\\/\"},{\"@type\":\"ListItem\",\"position\":2,\"name\":\"BLOG\"}]},{\"@type\":\"WebSite\",\"@id\":\"https:\\\/\\\/www.lsp.es\\\/vitolamin\\\/#website\",\"url\":\"https:\\\/\\\/www.lsp.es\\\/vitolamin\\\/\",\"name\":\"Laboratorios Serra P\u00e0mies\",\"description\":\"\",\"potentialAction\":[{\"@type\":\"SearchAction\",\"target\":{\"@type\":\"EntryPoint\",\"urlTemplate\":\"https:\\\/\\\/www.lsp.es\\\/vitolamin\\\/?s={search_term_string}\"},\"query-input\":{\"@type\":\"PropertyValueSpecification\",\"valueRequired\":true,\"valueName\":\"search_term_string\"}}],\"inLanguage\":\"es\"}]}<\/script>\n<!-- \/ Yoast SEO plugin. -->","yoast_head_json":{"title":"BLOG - Laboratorios Serra P\u00e0mies","description":"blog para la salud y el cuidado diario de toda la familia con trucos, novedades y consejos para conseguir el m\u00e1ximo rendimiento y bienestar","robots":{"index":"index","follow":"follow","max-snippet":"max-snippet:-1","max-image-preview":"max-image-preview:large","max-video-preview":"max-video-preview:-1"},"canonical":"https:\/\/www.lsp.es\/vitolamin\/blog-salud-2\/","og_locale":"es_ES","og_type":"article","og_title":"BLOG - Laboratorios Serra P\u00e0mies","og_description":"blog para la salud y el cuidado diario de toda la familia con trucos, novedades y consejos para conseguir el m\u00e1ximo rendimiento y bienestar","og_url":"https:\/\/www.lsp.es\/vitolamin\/blog-salud-2\/","og_site_name":"Laboratorios Serra P\u00e0mies","article_modified_time":"2024-06-05T09:02:28+00:00","twitter_card":"summary_large_image","twitter_misc":{"Tiempo de lectura":"3 minutos"},"schema":{"@context":"https:\/\/schema.org","@graph":[{"@type":"WebPage","@id":"https:\/\/www.lsp.es\/vitolamin\/blog-salud-2\/","url":"https:\/\/www.lsp.es\/vitolamin\/blog-salud-2\/","name":"BLOG - Laboratorios Serra P\u00e0mies","isPartOf":{"@id":"https:\/\/www.lsp.es\/vitolamin\/#website"},"datePublished":"2024-03-06T11:22:11+00:00","dateModified":"2024-06-05T09:02:28+00:00","description":"blog para la salud y el cuidado diario de toda la familia con trucos, novedades y consejos para conseguir el m\u00e1ximo rendimiento y bienestar","breadcrumb":{"@id":"https:\/\/www.lsp.es\/vitolamin\/blog-salud-2\/#breadcrumb"},"inLanguage":"es","potentialAction":[{"@type":"ReadAction","target":["https:\/\/www.lsp.es\/vitolamin\/blog-salud-2\/"]}]},{"@type":"BreadcrumbList","@id":"https:\/\/www.lsp.es\/vitolamin\/blog-salud-2\/#breadcrumb","itemListElement":[{"@type":"ListItem","position":1,"name":"Portada","item":"https:\/\/www.lsp.es\/vitolamin\/"},{"@type":"ListItem","position":2,"name":"BLOG"}]},{"@type":"WebSite","@id":"https:\/\/www.lsp.es\/vitolamin\/#website","url":"https:\/\/www.lsp.es\/vitolamin\/","name":"Laboratorios Serra P\u00e0mies","description":"","potentialAction":[{"@type":"SearchAction","target":{"@type":"EntryPoint","urlTemplate":"https:\/\/www.lsp.es\/vitolamin\/?s={search_term_string}"},"query-input":{"@type":"PropertyValueSpecification","valueRequired":true,"valueName":"search_term_string"}}],"inLanguage":"es"}]}},"_links":{"self":[{"href":"https:\/\/www.lsp.es\/vitolamin\/wp-json\/wp\/v2\/pages\/569","targetHints":{"allow":["GET"]}}],"collection":[{"href":"https:\/\/www.lsp.es\/vitolamin\/wp-json\/wp\/v2\/pages"}],"about":[{"href":"https:\/\/www.lsp.es\/vitolamin\/wp-json\/wp\/v2\/types\/page"}],"author":[{"embeddable":true,"href":"https:\/\/www.lsp.es\/vitolamin\/wp-json\/wp\/v2\/users\/1"}],"replies":[{"embeddable":true,"href":"https:\/\/www.lsp.es\/vitolamin\/wp-json\/wp\/v2\/comments?post=569"}],"version-history":[{"count":55,"href":"https:\/\/www.lsp.es\/vitolamin\/wp-json\/wp\/v2\/pages\/569\/revisions"}],"predecessor-version":[{"id":803,"href":"https:\/\/www.lsp.es\/vitolamin\/wp-json\/wp\/v2\/pages\/569\/revisions\/803"}],"wp:attachment":[{"href":"https:\/\/www.lsp.es\/vitolamin\/wp-json\/wp\/v2\/media?parent=569"}],"curies":[{"name":"wp","href":"https:\/\/api.w.org\/{rel}","templated":true}]}}