{"id":700,"date":"2024-03-27T10:15:40","date_gmt":"2024-03-27T09:15:40","guid":{"rendered":"https:\/\/www.lsp.es\/vitolamin\/?page_id=700"},"modified":"2024-04-12T15:04:25","modified_gmt":"2024-04-12T13:04:25","slug":"blog-cabello","status":"publish","type":"page","link":"https:\/\/www.lsp.es\/vitolamin\/blog-cabello\/","title":{"rendered":"BLOG &#8211; CABELLO"},"content":{"rendered":"\n[et_pb_section fb_built=\u00bb1&#8243; _builder_version=\u00bb4.24.0&#8243; _module_preset=\u00bbdefault\u00bb global_colors_info=\u00bb{}\u00bb][et_pb_row _builder_version=\u00bb4.24.0&#8243; _module_preset=\u00bbdefault\u00bb min_height=\u00bb457.4px\u00bb custom_padding=\u00bb||0px|||\u00bb global_colors_info=\u00bb{}\u00bb][et_pb_column type=\u00bb4_4&#8243; _builder_version=\u00bb4.24.0&#8243; _module_preset=\u00bbdefault\u00bb global_colors_info=\u00bb{}\u00bb][et_pb_slider _builder_version=\u00bb4.24.0&#8243; _module_preset=\u00bbdefault\u00bb background_image=\u00bbhttps:\/\/www.lsp.es\/vitolamin\/wp-content\/uploads\/2024\/03\/shutterstock_391326496-scaled.jpg\u00bb background_position=\u00bbcenter_right\u00bb background_horizontal_offset=\u00bb100%\u00bb min_height=\u00bb457.4px\u00bb custom_margin=\u00bb||115px|||\u00bb custom_padding=\u00bb1px|||||\u00bb global_colors_info=\u00bb{}\u00bb][et_pb_slide heading=\u00bbCuidar del cabello es una tarea diaria\u00bb button_text=\u00bbClics\u00bb _builder_version=\u00bb4.24.0&#8243; _module_preset=\u00bbdefault\u00bb global_colors_info=\u00bb{}\u00bb sticky_transition=\u00bbon\u00bb]<p><span style=\"color: #ffffff;\">Aplicarse una mascarilla de vez en cuando, cortarse las puntas o peinarse bien a diario, no es suficiente para mantener un pelo bonito, sano y brillante. Aqu\u00ed encontrar\u00e1s algunos consejos adem\u00e1s de los productos destacados.<\/span><\/p>[\/et_pb_slide][et_pb_slide heading=\u00bbVitaminas y Minerales\u00bb button_text=\u00bbClics\u00bb _builder_version=\u00bb4.24.0&#8243; _module_preset=\u00bbdefault\u00bb global_colors_info=\u00bb{}\u00bb sticky_transition=\u00bbon\u00bb]<p>CABELLO &#8211; HAIR es un complemento alimenticio natural rico en nutrientes para el mantenimiento del cabello en condiciones normales<\/p>[\/et_pb_slide][\/et_pb_slider][\/et_pb_column][\/et_pb_row][et_pb_row column_structure=\u00bb1_3,2_3&#8243; _builder_version=\u00bb4.24.0&#8243; _module_preset=\u00bbdefault\u00bb min_height=\u00bb143px\u00bb custom_margin=\u00bb1px|auto||auto||\u00bb custom_padding=\u00bb0px|||||\u00bb global_colors_info=\u00bb{}\u00bb][et_pb_column type=\u00bb1_3&#8243; _builder_version=\u00bb4.24.0&#8243; _module_preset=\u00bbdefault\u00bb global_colors_info=\u00bb{}\u00bb][et_pb_image src=\u00bbhttps:\/\/www.lsp.es\/vitolamin\/wp-content\/uploads\/2024\/01\/B0B61KZM5D.MAIN_.jpg\u00bb title_text=\u00bbB0B61KZM5D.MAIN\u00bb force_fullwidth=\u00bbon\u00bb _builder_version=\u00bb4.24.0&#8243; _module_preset=\u00bbdefault\u00bb global_colors_info=\u00bb{}\u00bb][\/et_pb_image][\/et_pb_column][et_pb_column type=\u00bb2_3&#8243; _builder_version=\u00bb4.24.0&#8243; _module_preset=\u00bbdefault\u00bb global_colors_info=\u00bb{}\u00bb][et_pb_text _builder_version=\u00bb4.24.0&#8243; _module_preset=\u00bbdefault\u00bb global_colors_info=\u00bb{}\u00bb]<p><strong>\u00bfSabes lo importante que es cuidar de nuestro cabello?<\/strong><\/p>\n<p style=\"text-align: justify;\">Tener unos buenos h\u00e1bitos de cuidado diario de nuestro pelo har\u00e1 que luzca bonito y sano. Ap\u00fantate los consejos que te dar\u00e9 hoy para tener la melena envidiable que siempre has querido tener. Te aseguro que si llevas a la pr\u00e1ctica todos los consejos, tu cabello te lo agradecer\u00e1, ya que un cabello bonito es sin\u00f3nimo de un cabello sano. Y un cabello sano, est\u00e1 fuerte y no se rompe ni se cae. No hay escusa, cuida tu cabello con estos 8 consejos.<\/p>\n<p><span style=\"text-decoration: underline;\"><span style=\"font-family: inherit; font-weight: normal;\">Hidrataci\u00f3n<\/span><\/span><\/p>\n<p style=\"text-align: justify;\">Aportar agua a nuestro pelo es una de las cosas m\u00e1s importantes a tener en cuenta para tener un cabello manejable, suave y brillante. Deber\u00e1s hidratar tu melena una vez a la semana utilizando una mascarilla hidratante. Envuelve el cabello en una toalla y d\u00e9jalo reposar por 30 minutos.<\/p>\n<p><span style=\"text-decoration: underline;\"><span style=\"font-family: inherit; font-weight: normal;\">Al\u00e9jate de las herramientas de calor<\/span><\/span><\/p>\n<p style=\"text-align: justify;\">Evita las herramientas de calor, como secadores y planchas. Las herramientas de calor en exceso da\u00f1an tu cabello provocando roturas en la hebra. Existen muchos tratamientos para que te olvides de utilizar la plancha, pero si quieres seguir utiliz\u00e1ndola aplica siempre antes un spray t\u00e9rmico protector.\u00a0<\/p>\n<p><span style=\"text-decoration: underline;\">Cepillar el cabello por la noche<\/span><\/p>\n<p style=\"text-align: justify;\">Cepillar el cabello antes de ir a la cama evitar\u00e1 los nudos y mantendr\u00e1 el pelo limpio, brillante y desenredado. Cuida tambi\u00e9n el cepillo que utilizas para desenredarte el cabello, lo ideal es utilizar un cepillo con fibras gruesas que eviten los tirones.<\/p>\n<p><span style=\"text-decoration: underline;\">Cuidar el cepillado cuando el pelo est\u00e1 mojado<\/span><\/p>\n<p style=\"text-align: justify;\">Ya sabemos que el cabello mojado es mucho m\u00e1s fr\u00e1gil y que puede romperse con facilidad. Entonces, cuando el pelo est\u00e9 mojado, deberemos utilizar un peine de dientes largos para eliminar los nudos y evitar romper las hebras. Si aplicamos una nuez de crema de peinar antes de cepillarnos el cabello, facilitaremos el peinado. Y recordad siempre empezar cepillando por las puntas e ir subiendo poco a poco hasta la ra\u00edz.<\/p>\n<p><span style=\"text-decoration: underline;\">Cuida tu cabello con la oxigenaci\u00f3n capilar<\/span><\/p>\n<p style=\"text-align: justify;\">Es muy importante exfoliar el cuero cabelludo una vez al mes para limpiar en profundidad, eliminar los residuos de los productos y evitar la obstrucci\u00f3n de los poros que dificulta el crecimiento del pelo. Los champ\u00fas no consiguen retirar toda la suciedad del cabello, sobretodo los excesos de productos como cremas de peinado, acondicionadores y aceites. Por eso, una buena limpieza al mes dejar\u00e1 tu cabello suave y manejable.<\/p>\n<p><span style=\"text-decoration: underline;\">Cortar las puntas a menudo<\/span><\/p>\n<p style=\"text-align: justify;\">Para evitar la rotura del cabello sanear las puntas a menudo es imprescindible. Elimina lo necesario sin cortar cent\u00edmetros de largo, evitando as\u00ed el efecto cremallera. Esto ayuda a mantener una apariencia cuidada del cabello.<\/p>\n<p><span style=\"text-decoration: underline;\">Fortalece con aceites naturales<\/span><\/p>\n<p style=\"text-align: justify;\">Los aceites naturales reponen los l\u00edpidos del cabello. Sirven para nutrir y fortalecer el pelo. Se aconseja utilizarlos una vez a la semana m\u00ednimo tres horas, para nutrir en profundidad y proporcionar el brillo de un pelo sano. Algunos de los aceites que puedes utilizar son el de coco, el de aguacate o el de jojoba. Recuerda que si tienes el cabello graso deber\u00e1s evitar tocar la ra\u00edz con el aceite para no proporcionar m\u00e1s grasa de la que ya tienes.<\/p>\n<p><span style=\"text-decoration: underline;\">Reponer la keratina perdida<\/span><\/p>\n<p style=\"text-align: justify;\">Los agentes externos afectan en tu cabello y causan la perdida de keratina. Por eso, de vez en cuando es muy beneficioso realizarse un tratamiento de reestructuraci\u00f3n que actuar\u00e1 en el interior de la fibra capilar y reparar\u00e1 el da\u00f1o del pelo. Uno de los m\u00e1s demandados es la Cauterizaci\u00f3n Capilar, que repone la keratina y junto a las vitaminas y nutrientes deja el cabello con m\u00e1s grosor y brillo.<\/p>\n<p>&nbsp;<\/p>\n<p style=\"text-align: justify;\">Bueno, espero que hay\u00e1is apuntado bien todos los consejos y no olvid\u00e9is: <strong>cuida tu cabello<\/strong>. Porque si lo cuidas, su aspecto va a ser bonito, voluminoso y brillante. Y lo m\u00e1s importante, el cabello bonito es s\u00edntoma de un cabello sano, y as\u00ed evitar\u00e1s la ca\u00edda del cabello o su rotura.<span>\u00a0<\/span><\/p>\n<p style=\"text-align: justify;\"><strong><\/strong><\/p>[\/et_pb_text][\/et_pb_column][\/et_pb_row][\/et_pb_section]\n","protected":false},"excerpt":{"rendered":"<p>Aplicarse una mascarilla de vez en cuando, cortarse las puntas o peinarse bien a diario, no es suficiente para mantener un pelo bonito, sano y brillante. Aqu\u00ed encontrar\u00e1s algunos consejos adem\u00e1s de los productos destacados.CABELLO &#8211; HAIR es un complemento alimenticio natural rico en nutrientes para el mantenimiento del cabello en condiciones normales\u00bfSabes lo importante [&hellip;]<\/p>\n","protected":false},"author":1,"featured_media":0,"parent":0,"menu_order":0,"comment_status":"closed","ping_status":"closed","template":"","meta":{"_et_pb_use_builder":"on","_et_pb_old_content":"","_et_gb_content_width":"","footnotes":""},"class_list":["post-700","page","type-page","status-publish","hentry"],"yoast_head":"<!-- This site is optimized with the Yoast SEO plugin v27.5 - https:\/\/yoast.com\/product\/yoast-seo-wordpress\/ -->\n<title>BLOG - CABELLO - Laboratorios Serra P\u00e0mies<\/title>\n<meta name=\"description\" content=\"Mantener un cabello sano, fuerte, denso y brillante todo el a\u00f1o ahora es m\u00e1s f\u00e1cil con los complementos alimenticios 100% naturales VITOLAMIN\" \/>\n<meta name=\"robots\" content=\"index, follow, max-snippet:-1, max-image-preview:large, max-video-preview:-1\" \/>\n<link rel=\"canonical\" href=\"https:\/\/www.lsp.es\/vitolamin\/blog-cabello\/\" \/>\n<meta property=\"og:locale\" content=\"es_ES\" \/>\n<meta property=\"og:type\" content=\"article\" \/>\n<meta property=\"og:title\" content=\"BLOG - CABELLO - Laboratorios Serra P\u00e0mies\" \/>\n<meta property=\"og:description\" content=\"Mantener un cabello sano, fuerte, denso y brillante todo el a\u00f1o ahora es m\u00e1s f\u00e1cil con los complementos alimenticios 100% naturales VITOLAMIN\" \/>\n<meta property=\"og:url\" content=\"https:\/\/www.lsp.es\/vitolamin\/blog-cabello\/\" \/>\n<meta property=\"og:site_name\" content=\"Laboratorios Serra P\u00e0mies\" \/>\n<meta property=\"article:modified_time\" content=\"2024-04-12T13:04:25+00:00\" \/>\n<meta name=\"twitter:card\" content=\"summary_large_image\" \/>\n<meta name=\"twitter:label1\" content=\"Tiempo de lectura\" \/>\n\t<meta name=\"twitter:data1\" content=\"4 minutos\" \/>\n<script type=\"application\/ld+json\" class=\"yoast-schema-graph\">{\"@context\":\"https:\\\/\\\/schema.org\",\"@graph\":[{\"@type\":\"WebPage\",\"@id\":\"https:\\\/\\\/www.lsp.es\\\/vitolamin\\\/blog-cabello\\\/\",\"url\":\"https:\\\/\\\/www.lsp.es\\\/vitolamin\\\/blog-cabello\\\/\",\"name\":\"BLOG - CABELLO - Laboratorios Serra P\u00e0mies\",\"isPartOf\":{\"@id\":\"https:\\\/\\\/www.lsp.es\\\/vitolamin\\\/#website\"},\"datePublished\":\"2024-03-27T09:15:40+00:00\",\"dateModified\":\"2024-04-12T13:04:25+00:00\",\"description\":\"Mantener un cabello sano, fuerte, denso y brillante todo el a\u00f1o ahora es m\u00e1s f\u00e1cil con los complementos alimenticios 100% naturales VITOLAMIN\",\"breadcrumb\":{\"@id\":\"https:\\\/\\\/www.lsp.es\\\/vitolamin\\\/blog-cabello\\\/#breadcrumb\"},\"inLanguage\":\"es\",\"potentialAction\":[{\"@type\":\"ReadAction\",\"target\":[\"https:\\\/\\\/www.lsp.es\\\/vitolamin\\\/blog-cabello\\\/\"]}]},{\"@type\":\"BreadcrumbList\",\"@id\":\"https:\\\/\\\/www.lsp.es\\\/vitolamin\\\/blog-cabello\\\/#breadcrumb\",\"itemListElement\":[{\"@type\":\"ListItem\",\"position\":1,\"name\":\"Portada\",\"item\":\"https:\\\/\\\/www.lsp.es\\\/vitolamin\\\/\"},{\"@type\":\"ListItem\",\"position\":2,\"name\":\"BLOG &#8211; CABELLO\"}]},{\"@type\":\"WebSite\",\"@id\":\"https:\\\/\\\/www.lsp.es\\\/vitolamin\\\/#website\",\"url\":\"https:\\\/\\\/www.lsp.es\\\/vitolamin\\\/\",\"name\":\"Laboratorios Serra P\u00e0mies\",\"description\":\"\",\"potentialAction\":[{\"@type\":\"SearchAction\",\"target\":{\"@type\":\"EntryPoint\",\"urlTemplate\":\"https:\\\/\\\/www.lsp.es\\\/vitolamin\\\/?s={search_term_string}\"},\"query-input\":{\"@type\":\"PropertyValueSpecification\",\"valueRequired\":true,\"valueName\":\"search_term_string\"}}],\"inLanguage\":\"es\"}]}<\/script>\n<!-- \/ Yoast SEO plugin. -->","yoast_head_json":{"title":"BLOG - CABELLO - Laboratorios Serra P\u00e0mies","description":"Mantener un cabello sano, fuerte, denso y brillante todo el a\u00f1o ahora es m\u00e1s f\u00e1cil con los complementos alimenticios 100% naturales VITOLAMIN","robots":{"index":"index","follow":"follow","max-snippet":"max-snippet:-1","max-image-preview":"max-image-preview:large","max-video-preview":"max-video-preview:-1"},"canonical":"https:\/\/www.lsp.es\/vitolamin\/blog-cabello\/","og_locale":"es_ES","og_type":"article","og_title":"BLOG - CABELLO - Laboratorios Serra P\u00e0mies","og_description":"Mantener un cabello sano, fuerte, denso y brillante todo el a\u00f1o ahora es m\u00e1s f\u00e1cil con los complementos alimenticios 100% naturales VITOLAMIN","og_url":"https:\/\/www.lsp.es\/vitolamin\/blog-cabello\/","og_site_name":"Laboratorios Serra P\u00e0mies","article_modified_time":"2024-04-12T13:04:25+00:00","twitter_card":"summary_large_image","twitter_misc":{"Tiempo de lectura":"4 minutos"},"schema":{"@context":"https:\/\/schema.org","@graph":[{"@type":"WebPage","@id":"https:\/\/www.lsp.es\/vitolamin\/blog-cabello\/","url":"https:\/\/www.lsp.es\/vitolamin\/blog-cabello\/","name":"BLOG - CABELLO - Laboratorios Serra P\u00e0mies","isPartOf":{"@id":"https:\/\/www.lsp.es\/vitolamin\/#website"},"datePublished":"2024-03-27T09:15:40+00:00","dateModified":"2024-04-12T13:04:25+00:00","description":"Mantener un cabello sano, fuerte, denso y brillante todo el a\u00f1o ahora es m\u00e1s f\u00e1cil con los complementos alimenticios 100% naturales VITOLAMIN","breadcrumb":{"@id":"https:\/\/www.lsp.es\/vitolamin\/blog-cabello\/#breadcrumb"},"inLanguage":"es","potentialAction":[{"@type":"ReadAction","target":["https:\/\/www.lsp.es\/vitolamin\/blog-cabello\/"]}]},{"@type":"BreadcrumbList","@id":"https:\/\/www.lsp.es\/vitolamin\/blog-cabello\/#breadcrumb","itemListElement":[{"@type":"ListItem","position":1,"name":"Portada","item":"https:\/\/www.lsp.es\/vitolamin\/"},{"@type":"ListItem","position":2,"name":"BLOG &#8211; CABELLO"}]},{"@type":"WebSite","@id":"https:\/\/www.lsp.es\/vitolamin\/#website","url":"https:\/\/www.lsp.es\/vitolamin\/","name":"Laboratorios Serra P\u00e0mies","description":"","potentialAction":[{"@type":"SearchAction","target":{"@type":"EntryPoint","urlTemplate":"https:\/\/www.lsp.es\/vitolamin\/?s={search_term_string}"},"query-input":{"@type":"PropertyValueSpecification","valueRequired":true,"valueName":"search_term_string"}}],"inLanguage":"es"}]}},"_links":{"self":[{"href":"https:\/\/www.lsp.es\/vitolamin\/wp-json\/wp\/v2\/pages\/700","targetHints":{"allow":["GET"]}}],"collection":[{"href":"https:\/\/www.lsp.es\/vitolamin\/wp-json\/wp\/v2\/pages"}],"about":[{"href":"https:\/\/www.lsp.es\/vitolamin\/wp-json\/wp\/v2\/types\/page"}],"author":[{"embeddable":true,"href":"https:\/\/www.lsp.es\/vitolamin\/wp-json\/wp\/v2\/users\/1"}],"replies":[{"embeddable":true,"href":"https:\/\/www.lsp.es\/vitolamin\/wp-json\/wp\/v2\/comments?post=700"}],"version-history":[{"count":8,"href":"https:\/\/www.lsp.es\/vitolamin\/wp-json\/wp\/v2\/pages\/700\/revisions"}],"predecessor-version":[{"id":746,"href":"https:\/\/www.lsp.es\/vitolamin\/wp-json\/wp\/v2\/pages\/700\/revisions\/746"}],"wp:attachment":[{"href":"https:\/\/www.lsp.es\/vitolamin\/wp-json\/wp\/v2\/media?parent=700"}],"curies":[{"name":"wp","href":"https:\/\/api.w.org\/{rel}","templated":true}]}}