{"id":736,"date":"2024-04-12T13:49:13","date_gmt":"2024-04-12T11:49:13","guid":{"rendered":"https:\/\/www.lsp.es\/vitolamin\/?page_id=736"},"modified":"2024-04-12T14:24:10","modified_gmt":"2024-04-12T12:24:10","slug":"blog-alimentacion","status":"publish","type":"page","link":"https:\/\/www.lsp.es\/vitolamin\/blog-alimentacion\/","title":{"rendered":"BLOG ALIMENTACI\u00d3N"},"content":{"rendered":"<p>[et_pb_section fb_built=\u00bb1&#8243; _builder_version=\u00bb4.24.0&#8243; _module_preset=\u00bbdefault\u00bb global_colors_info=\u00bb{}\u00bb][et_pb_row _builder_version=\u00bb4.24.0&#8243; _module_preset=\u00bbdefault\u00bb min_height=\u00bb457.4px\u00bb custom_padding=\u00bb||0px|||\u00bb global_colors_info=\u00bb{}\u00bb][et_pb_column type=\u00bb4_4&#8243; _builder_version=\u00bb4.24.0&#8243; _module_preset=\u00bbdefault\u00bb global_colors_info=\u00bb{}\u00bb][et_pb_slider _builder_version=\u00bb4.24.0&#8243; _module_preset=\u00bbdefault\u00bb header_text_color=\u00bb#000000&#8243; background_image=\u00bbhttps:\/\/www.lsp.es\/vitolamin\/wp-content\/uploads\/2024\/04\/nutricion-tips.jpg\u00bb background_position=\u00bbcenter_right\u00bb background_horizontal_offset=\u00bb100%\u00bb custom_button=\u00bbon\u00bb button_text_color=\u00bb#000000&#8243; min_height=\u00bb457.4px\u00bb custom_margin=\u00bb||115px|||\u00bb custom_padding=\u00bb1px|||||\u00bb global_colors_info=\u00bb{}\u00bb][et_pb_slide heading=\u00bbComer de forma sana y equilibrada\u00bb button_text=\u00bbClics\u00bb _builder_version=\u00bb4.24.0&#8243; _module_preset=\u00bbdefault\u00bb global_colors_info=\u00bb{}\u00bb sticky_transition=\u00bbon\u00bb]<\/p>\n<p><span style=\"color: #000000;\">Una dieta sana y equilibrada es aquella que nos aporta todos los nutrientes, en calidad y cantidad, necesarios para el funcionamiento \u00f3ptimo de nuestro organismo.<\/span><\/p>\n<p>[\/et_pb_slide][et_pb_slide heading=\u00bbVitamina B12&#8243; button_text=\u00bbClics\u00bb _builder_version=\u00bb4.24.0&#8243; _module_preset=\u00bbdefault\u00bb global_colors_info=\u00bb{}\u00bb sticky_transition=\u00bbon\u00bb]<\/p>\n<p><span style=\"color: #7f7f7f;\">La VITAMINA B12 contribuye al metabolismo energ\u00e9tico normal, al sistema inmunol\u00f3gico y a la funci\u00f3n nerviosa normal<\/span><\/p>\n<p>[\/et_pb_slide][\/et_pb_slider][\/et_pb_column][\/et_pb_row][et_pb_row column_structure=\u00bb1_3,2_3&#8243; _builder_version=\u00bb4.24.0&#8243; _module_preset=\u00bbdefault\u00bb min_height=\u00bb143px\u00bb custom_margin=\u00bb1px|auto||auto||\u00bb custom_padding=\u00bb0px|||||\u00bb global_colors_info=\u00bb{}\u00bb][et_pb_column type=\u00bb1_3&#8243; _builder_version=\u00bb4.24.0&#8243; _module_preset=\u00bbdefault\u00bb global_colors_info=\u00bb{}\u00bb][et_pb_image src=\u00bbhttps:\/\/www.lsp.es\/vitolamin\/wp-content\/uploads\/2024\/01\/Untitled-design.png\u00bb title_text=\u00bbUntitled design\u00bb _builder_version=\u00bb4.24.0&#8243; _module_preset=\u00bbdefault\u00bb global_colors_info=\u00bb{}\u00bb][\/et_pb_image][\/et_pb_column][et_pb_column type=\u00bb2_3&#8243; _builder_version=\u00bb4.24.0&#8243; _module_preset=\u00bbdefault\u00bb global_colors_info=\u00bb{}\u00bb][et_pb_text _builder_version=\u00bb4.24.0&#8243; _module_preset=\u00bbdefault\u00bb custom_padding=\u00bb5px|||||\u00bb hover_enabled=\u00bb0&#8243; global_colors_info=\u00bb{}\u00bb sticky_enabled=\u00bb0&#8243;]<\/p>\n<div class=\"entryDescription\" style=\"text-align: justify;\">\n<p class=\"cmParagraph\" style=\"text-align: justify;\"><span style=\"color: #333333;\"><span style=\"font-size: 26px;\">C\u00f3mo comer de forma saludable<\/span><\/span><\/p>\n<p>\u00bfC\u00f3mo comer saludable sin aburrirte o comer siempre lo mismo? Muy f\u00e1cil, conociendo la <strong>pir\u00e1mide de la nutrici\u00f3n<\/strong> y encontrando nuevas recetas para mantener tu peso y salud \u00f3ptimos con todos los nutrientes necesarios.<\/p>\n<p>Si conoces el nivel \u00f3ptimo de cereales, prote\u00ednas de origen vegetal, fruta, etc., te ser\u00e1 sencillo hacer nuevas recetas respetando los porcentajes. Podr\u00e1s hacer platos verdaderamente deliciosos y r\u00e1pidos, e incluso, incluir alg\u00fan peque\u00f1o capricho como un dulce o una bolsa de patatas<span>\u00a0<\/span><strong>sin sentirte culpable.<\/strong><\/p>\n<p>Es decir, los consejos para saber c\u00f3mo comer saludable son m\u00e1s f\u00e1ciles de lo que imaginas y para seguirlos no tienes que renunciar a tus platos favoritos. Al contrario, podr\u00e1s incluir muchos otros<span>\u00a0<\/span><strong>alimentos sabrosos y saciantes<\/strong><span>\u00a0<\/span>y mantener tus recetas m\u00e1s cl\u00e1sicas<\/p>\n<p>Antes de empezar a buscar recetas, lo importante es atender a la pir\u00e1mide nutricional o pir\u00e1mide de la alimentaci\u00f3n. Seguro que ya la conoces, pero debes prestarle m\u00e1s atenci\u00f3n para que te ayude a cuidarte en tu d\u00eda a d\u00eda.<\/p>\n<h2>Complementa tu dieta<\/h2>\n<p>Actualmente disponemos de una gran variedad de<span>\u00a0<\/span><strong>complementos alimenticios<\/strong>. Se trata de nutrientes concentrados que ayudan a tu organismo a funcionar cuando presenta alguna carencia o sobre esfuerzo. Existen complementos espec\u00edficos para cubrir ciertas necesidades. Por ejemplo los deportivos, que sirven para ayudar a nuestro organismo a soportar un sobre esfuerzo.<\/p>\n<p>Sin embargo, ocurre que algunas personas no saben si los necesita, o incluso toman en exceso. Es importante saber en qu\u00e9 ocasiones son necesarios y cuando no.<\/p>\n<p><span>Como decimos, es importante ser conscientes para qu\u00e9 sirven los complementos y cu\u00e1ndo recurrir a ellos. Si tienes alguna duda, vamos a comentar las ocasiones en las que tomar<\/span><strong> suplementos <\/strong><span>es recomendable. Eso s\u00ed, consulta primero a un experto de la nutrici\u00f3n o a tu m\u00e9dico de cabecera para que te facilite una orientaci\u00f3n mucho m\u00e1s espec\u00edfica.<\/span><\/p>\n<h3>\u00bfTe identificas con alguna de estas carencias?<span class=\"ez-toc-section-end\"><\/span><\/h3>\n<ul>\n<li>Si a lo largo del d\u00eda te sientes cansado y con poca energ\u00eda, puede que debas plantearte tomar alg\u00fan tipo de complemento alimenticio natural. (Las Multivitaminas B, el Hierro o la Ashwagandha pueden ser una buena opci\u00f3n)<\/li>\n<li>Tienes graves p\u00e9rdidas de cabello. (La Biotina y el Zinc ser\u00e1n buenos aliados)<\/li>\n<li>Cuando tu organismo no absorbe adecuadamente alguna de las vitaminas esenciales.<\/li>\n<li>Mejorar la coagulaci\u00f3n de la sangre. (La Vitamina K muy necesaria)<\/li>\n<li>Fortalecer el sistema inmunitario. (La Vitamina B12 y el Selenio te ayudar\u00e1n)<\/li>\n<\/ul>\n<p>Estos son alguno de los motivos por los cuales puedes plantearte tomar<span>\u00a0<\/span><strong>complementos alimenticios<\/strong>. Sin embargo, cabe decir que tambi\u00e9n puedes probar de suplir estas carencias con la ingesta de alimentos. Una dieta variada te asegura conseguir los nutrientes que necesitas.<\/p>\n<p>&nbsp;<\/p>\n<h2>Ashwagandha\u00a0 \u00a1con\u00f3cela un poco m\u00e1s!<\/h2>\n<p class=\"cmParagraph\">\n<p class=\"cmParagraph\">La ashwagandha, <em>Withania somn\u00edfera<\/em>, contribuye a la relajaci\u00f3n, mejora el equilibrio entre cuerpo y mente y favorece el descanso. Es una planta que tiene m\u00faltiples propiedades beneficiosas,<span>\u00a0utilizada en la medicina tradicional ayurv\u00e9dica y en la unani.<\/span><\/p>\n<p class=\"cmParagraph\"><span>Los extractos de ashwagandha podr\u00edan ayudar a reducir el estr\u00e9s y la ansiedad. En varios estudios, las personas que tomaron ashwagandha durante 6 a 8 semanas afirmaron sentir menos estr\u00e9s y ansiedad, as\u00ed como menos cansancio e insomnio.\u00a0<\/span><\/p>\n<p class=\"cmParagraph\"><span>Varios ensayos indican incluso que <a href=\"https:\/\/www.nutrimarket.com\/blog\/colaboraciones\/la-ashwagandha\/\">la Ashwagandha<\/a>\u00a0reduce los niveles de az\u00facar en sangre a trav\u00e9s de sus efectos sobre la secreci\u00f3n de insulina y la sensibilidad.<\/span><\/p>\n<p class=\"cmParagraph\"><span><\/span><\/p>\n<\/div>\n<p>[\/et_pb_text][\/et_pb_column][\/et_pb_row][\/et_pb_section]<\/p>\n","protected":false},"excerpt":{"rendered":"<p>Una dieta sana y equilibrada es aquella que nos aporta todos los nutrientes, en calidad y cantidad, necesarios para el funcionamiento \u00f3ptimo de nuestro organismo.La VITAMINA B12 contribuye al metabolismo energ\u00e9tico normal, al sistema inmunol\u00f3gico y a la funci\u00f3n nerviosa normal C\u00f3mo comer de forma saludable \u00bfC\u00f3mo comer saludable sin aburrirte o comer siempre lo [&hellip;]<\/p>\n","protected":false},"author":1,"featured_media":0,"parent":0,"menu_order":0,"comment_status":"closed","ping_status":"closed","template":"","meta":{"_et_pb_use_builder":"on","_et_pb_old_content":"","_et_gb_content_width":"","footnotes":""},"class_list":["post-736","page","type-page","status-publish","hentry"],"yoast_head":"<!-- This site is optimized with the Yoast SEO plugin v27.5 - https:\/\/yoast.com\/product\/yoast-seo-wordpress\/ -->\n<title>BLOG ALIMENTACI\u00d3N - Laboratorios Serra P\u00e0mies<\/title>\n<meta name=\"description\" content=\"Una dieta sana y equilibrada nos aportar\u00e1 todos los nutrientes, necesarios para el funcionamiento \u00f3ptimo de nuestro organismo.\" \/>\n<meta name=\"robots\" content=\"index, follow, max-snippet:-1, max-image-preview:large, max-video-preview:-1\" \/>\n<link rel=\"canonical\" href=\"https:\/\/www.lsp.es\/vitolamin\/blog-alimentacion\/\" \/>\n<meta property=\"og:locale\" content=\"es_ES\" \/>\n<meta property=\"og:type\" content=\"article\" \/>\n<meta property=\"og:title\" content=\"BLOG ALIMENTACI\u00d3N - Laboratorios Serra P\u00e0mies\" \/>\n<meta property=\"og:description\" content=\"Una dieta sana y equilibrada nos aportar\u00e1 todos los nutrientes, necesarios para el funcionamiento \u00f3ptimo de nuestro organismo.\" \/>\n<meta property=\"og:url\" content=\"https:\/\/www.lsp.es\/vitolamin\/blog-alimentacion\/\" \/>\n<meta property=\"og:site_name\" content=\"Laboratorios Serra P\u00e0mies\" \/>\n<meta property=\"article:modified_time\" content=\"2024-04-12T12:24:10+00:00\" \/>\n<meta name=\"twitter:card\" content=\"summary_large_image\" \/>\n<meta name=\"twitter:label1\" content=\"Tiempo de lectura\" \/>\n\t<meta name=\"twitter:data1\" content=\"2 minutos\" \/>\n<script type=\"application\/ld+json\" class=\"yoast-schema-graph\">{\"@context\":\"https:\\\/\\\/schema.org\",\"@graph\":[{\"@type\":\"WebPage\",\"@id\":\"https:\\\/\\\/www.lsp.es\\\/vitolamin\\\/blog-alimentacion\\\/\",\"url\":\"https:\\\/\\\/www.lsp.es\\\/vitolamin\\\/blog-alimentacion\\\/\",\"name\":\"BLOG ALIMENTACI\u00d3N - Laboratorios Serra P\u00e0mies\",\"isPartOf\":{\"@id\":\"https:\\\/\\\/www.lsp.es\\\/vitolamin\\\/#website\"},\"datePublished\":\"2024-04-12T11:49:13+00:00\",\"dateModified\":\"2024-04-12T12:24:10+00:00\",\"description\":\"Una dieta sana y equilibrada nos aportar\u00e1 todos los nutrientes, necesarios para el funcionamiento \u00f3ptimo de nuestro organismo.\",\"breadcrumb\":{\"@id\":\"https:\\\/\\\/www.lsp.es\\\/vitolamin\\\/blog-alimentacion\\\/#breadcrumb\"},\"inLanguage\":\"es\",\"potentialAction\":[{\"@type\":\"ReadAction\",\"target\":[\"https:\\\/\\\/www.lsp.es\\\/vitolamin\\\/blog-alimentacion\\\/\"]}]},{\"@type\":\"BreadcrumbList\",\"@id\":\"https:\\\/\\\/www.lsp.es\\\/vitolamin\\\/blog-alimentacion\\\/#breadcrumb\",\"itemListElement\":[{\"@type\":\"ListItem\",\"position\":1,\"name\":\"Portada\",\"item\":\"https:\\\/\\\/www.lsp.es\\\/vitolamin\\\/\"},{\"@type\":\"ListItem\",\"position\":2,\"name\":\"BLOG ALIMENTACI\u00d3N\"}]},{\"@type\":\"WebSite\",\"@id\":\"https:\\\/\\\/www.lsp.es\\\/vitolamin\\\/#website\",\"url\":\"https:\\\/\\\/www.lsp.es\\\/vitolamin\\\/\",\"name\":\"Laboratorios Serra P\u00e0mies\",\"description\":\"\",\"potentialAction\":[{\"@type\":\"SearchAction\",\"target\":{\"@type\":\"EntryPoint\",\"urlTemplate\":\"https:\\\/\\\/www.lsp.es\\\/vitolamin\\\/?s={search_term_string}\"},\"query-input\":{\"@type\":\"PropertyValueSpecification\",\"valueRequired\":true,\"valueName\":\"search_term_string\"}}],\"inLanguage\":\"es\"}]}<\/script>\n<!-- \/ Yoast SEO plugin. -->","yoast_head_json":{"title":"BLOG ALIMENTACI\u00d3N - Laboratorios Serra P\u00e0mies","description":"Una dieta sana y equilibrada nos aportar\u00e1 todos los nutrientes, necesarios para el funcionamiento \u00f3ptimo de nuestro organismo.","robots":{"index":"index","follow":"follow","max-snippet":"max-snippet:-1","max-image-preview":"max-image-preview:large","max-video-preview":"max-video-preview:-1"},"canonical":"https:\/\/www.lsp.es\/vitolamin\/blog-alimentacion\/","og_locale":"es_ES","og_type":"article","og_title":"BLOG ALIMENTACI\u00d3N - Laboratorios Serra P\u00e0mies","og_description":"Una dieta sana y equilibrada nos aportar\u00e1 todos los nutrientes, necesarios para el funcionamiento \u00f3ptimo de nuestro organismo.","og_url":"https:\/\/www.lsp.es\/vitolamin\/blog-alimentacion\/","og_site_name":"Laboratorios Serra P\u00e0mies","article_modified_time":"2024-04-12T12:24:10+00:00","twitter_card":"summary_large_image","twitter_misc":{"Tiempo de lectura":"2 minutos"},"schema":{"@context":"https:\/\/schema.org","@graph":[{"@type":"WebPage","@id":"https:\/\/www.lsp.es\/vitolamin\/blog-alimentacion\/","url":"https:\/\/www.lsp.es\/vitolamin\/blog-alimentacion\/","name":"BLOG ALIMENTACI\u00d3N - Laboratorios Serra P\u00e0mies","isPartOf":{"@id":"https:\/\/www.lsp.es\/vitolamin\/#website"},"datePublished":"2024-04-12T11:49:13+00:00","dateModified":"2024-04-12T12:24:10+00:00","description":"Una dieta sana y equilibrada nos aportar\u00e1 todos los nutrientes, necesarios para el funcionamiento \u00f3ptimo de nuestro organismo.","breadcrumb":{"@id":"https:\/\/www.lsp.es\/vitolamin\/blog-alimentacion\/#breadcrumb"},"inLanguage":"es","potentialAction":[{"@type":"ReadAction","target":["https:\/\/www.lsp.es\/vitolamin\/blog-alimentacion\/"]}]},{"@type":"BreadcrumbList","@id":"https:\/\/www.lsp.es\/vitolamin\/blog-alimentacion\/#breadcrumb","itemListElement":[{"@type":"ListItem","position":1,"name":"Portada","item":"https:\/\/www.lsp.es\/vitolamin\/"},{"@type":"ListItem","position":2,"name":"BLOG ALIMENTACI\u00d3N"}]},{"@type":"WebSite","@id":"https:\/\/www.lsp.es\/vitolamin\/#website","url":"https:\/\/www.lsp.es\/vitolamin\/","name":"Laboratorios Serra P\u00e0mies","description":"","potentialAction":[{"@type":"SearchAction","target":{"@type":"EntryPoint","urlTemplate":"https:\/\/www.lsp.es\/vitolamin\/?s={search_term_string}"},"query-input":{"@type":"PropertyValueSpecification","valueRequired":true,"valueName":"search_term_string"}}],"inLanguage":"es"}]}},"_links":{"self":[{"href":"https:\/\/www.lsp.es\/vitolamin\/wp-json\/wp\/v2\/pages\/736","targetHints":{"allow":["GET"]}}],"collection":[{"href":"https:\/\/www.lsp.es\/vitolamin\/wp-json\/wp\/v2\/pages"}],"about":[{"href":"https:\/\/www.lsp.es\/vitolamin\/wp-json\/wp\/v2\/types\/page"}],"author":[{"embeddable":true,"href":"https:\/\/www.lsp.es\/vitolamin\/wp-json\/wp\/v2\/users\/1"}],"replies":[{"embeddable":true,"href":"https:\/\/www.lsp.es\/vitolamin\/wp-json\/wp\/v2\/comments?post=736"}],"version-history":[{"count":4,"href":"https:\/\/www.lsp.es\/vitolamin\/wp-json\/wp\/v2\/pages\/736\/revisions"}],"predecessor-version":[{"id":745,"href":"https:\/\/www.lsp.es\/vitolamin\/wp-json\/wp\/v2\/pages\/736\/revisions\/745"}],"wp:attachment":[{"href":"https:\/\/www.lsp.es\/vitolamin\/wp-json\/wp\/v2\/media?parent=736"}],"curies":[{"name":"wp","href":"https:\/\/api.w.org\/{rel}","templated":true}]}}