{"id":235,"date":"2024-01-26T09:24:01","date_gmt":"2024-01-26T08:24:01","guid":{"rendered":"http:\/\/templsp.vl22410.dinaserver.com\/?post_type=product&#038;p=235"},"modified":"2024-01-26T09:27:43","modified_gmt":"2024-01-26T08:27:43","slug":"potasio-180-comprimidos","status":"publish","type":"product","link":"https:\/\/www.lsp.es\/vitolamin\/producto\/potasio-180-comprimidos\/","title":{"rendered":"POTASIO 180 comprimidos"},"content":{"rendered":"<p>[et_pb_section fb_built=\u00bb1&#8243; _builder_version=\u00bb4.16&#8243; custom_padding=\u00bb0px||||false|false\u00bb global_colors_info=\u00bb{}\u00bb][et_pb_row _builder_version=\u00bb4.16&#8243; background_size=\u00bbinitial\u00bb background_position=\u00bbtop_left\u00bb background_repeat=\u00bbrepeat\u00bb width=\u00bb100%\u00bb custom_padding=\u00bb0px||0px||false|false\u00bb global_colors_info=\u00bb{}\u00bb][et_pb_column type=\u00bb4_4&#8243; _builder_version=\u00bb4.16&#8243; custom_padding=\u00bb|||\u00bb global_colors_info=\u00bb{}\u00bb custom_padding__hover=\u00bb|||\u00bb][et_pb_wc_breadcrumb _builder_version=\u00bb4.16&#8243; global_colors_info=\u00bb{}\u00bb][\/et_pb_wc_breadcrumb][et_pb_wc_cart_notice _builder_version=\u00bb4.16&#8243; global_colors_info=\u00bb{}\u00bb][\/et_pb_wc_cart_notice][\/et_pb_column][\/et_pb_row][et_pb_row column_structure=\u00bb1_2,1_2&#8243; _builder_version=\u00bb4.16&#8243; background_size=\u00bbinitial\u00bb background_position=\u00bbtop_left\u00bb background_repeat=\u00bbrepeat\u00bb width=\u00bb100%\u00bb custom_padding=\u00bb0px||||false|false\u00bb global_colors_info=\u00bb{}\u00bb][et_pb_column type=\u00bb1_2&#8243; _builder_version=\u00bb4.16&#8243; custom_padding=\u00bb|||\u00bb global_colors_info=\u00bb{}\u00bb custom_padding__hover=\u00bb|||\u00bb][et_pb_wc_images _builder_version=\u00bb4.16&#8243; global_colors_info=\u00bb{}\u00bb][\/et_pb_wc_images][\/et_pb_column][et_pb_column type=\u00bb1_2&#8243; _builder_version=\u00bb4.16&#8243; custom_padding=\u00bb|||\u00bb global_colors_info=\u00bb{}\u00bb custom_padding__hover=\u00bb|||\u00bb][et_pb_wc_title _builder_version=\u00bb4.16&#8243; global_colors_info=\u00bb{}\u00bb][\/et_pb_wc_title][et_pb_wc_price _builder_version=\u00bb4.24.0&#8243; body_font=\u00bbLeague Spartan||||||||\u00bb body_text_color=\u00bb#008665&#8243; global_colors_info=\u00bb{}\u00bb][\/et_pb_wc_price][et_pb_wc_description _builder_version=\u00bb4.16&#8243; global_colors_info=\u00bb{}\u00bb][\/et_pb_wc_description][et_pb_wc_add_to_cart _builder_version=\u00bb4.24.0&#8243; fields_background_color=\u00bb#FFFFFF\u00bb fields_text_color=\u00bb#000000&#8243; custom_button=\u00bbon\u00bb button_text_color=\u00bb#008665&#8243; global_colors_info=\u00bb{}\u00bb][\/et_pb_wc_add_to_cart][et_pb_wc_meta _builder_version=\u00bb4.16&#8243; global_colors_info=\u00bb{}\u00bb][\/et_pb_wc_meta][\/et_pb_column][\/et_pb_row][et_pb_row _builder_version=\u00bb4.16&#8243; background_size=\u00bbinitial\u00bb background_position=\u00bbtop_left\u00bb background_repeat=\u00bbrepeat\u00bb width=\u00bb100%\u00bb global_colors_info=\u00bb{}\u00bb][et_pb_column type=\u00bb4_4&#8243; _builder_version=\u00bb4.16&#8243; custom_padding=\u00bb|||\u00bb global_colors_info=\u00bb{}\u00bb custom_padding__hover=\u00bb|||\u00bb][et_pb_wc_tabs include_tabs=\u00bbdescription|additional_information|\u00bb _builder_version=\u00bb4.24.0&#8243; global_colors_info=\u00bb{}\u00bb]\t\t\t\t\t[\/et_pb_wc_tabs][et_pb_wc_upsells _builder_version=\u00bb4.16&#8243; global_colors_info=\u00bb{}\u00bb][\/et_pb_wc_upsells][et_pb_wc_related_products _builder_version=\u00bb4.16&#8243; global_colors_info=\u00bb{}\u00bb][\/et_pb_wc_related_products][\/et_pb_column][\/et_pb_row][\/et_pb_section]<\/p>\n","protected":false},"excerpt":{"rendered":"<p><span style=\"font-weight: 400;\">VITOLAMIN\u00ae POTASIO 180 comprimidos vegetarianos de alta potencia de 379 mg de potasio | Citrato de Potasio Puro 100% natural | Ideal para deportistas.<\/span><\/p>\n","protected":false},"featured_media":236,"comment_status":"open","ping_status":"closed","template":"","meta":{"_et_pb_use_builder":"on","_et_pb_old_content":"<span style=\"font-weight: 400\">\u00a0<\/span><b><i>Acerca de este producto<\/i><\/b>\r\n\r\n<span style=\"font-weight: 400\">\u2705 <\/span><span style=\"font-weight: 400\">379 MG DE POTASIO POR DOSIS DIARIA<\/span>\r\n<ul>\r\n \t<li style=\"font-weight: 400\"><span style=\"font-weight: 400\">Para la circulaci\u00f3n y presi\u00f3n sangu\u00ednea: VITOLAMIN\u00ae POTASIO ayuda a mantener su nivel de pH regular y a mejorar su sistema inmune. Es compatible con la salud cardiovascular y ayuda a mantener la presi\u00f3n arterial baja.<\/span><\/li>\r\n<\/ul>\r\n<ul>\r\n \t<li style=\"font-weight: 400\"><span style=\"font-weight: 400\">Electrolito fundamental para deportistas: El citrato de potasio es una sal alcalina que ayuda a restablecer el equilibrio de electrolitos en el cuerpo. Ayuda a mantener los niveles de l\u00edquidos en el cuerpo y lo mantiene hidratado en todo momento.<\/span><\/li>\r\n \t<li style=\"font-weight: 400\"><span style=\"font-weight: 400\">Apoyo al metabolismo: El complemento alimenticio de VITOLAMIN\u00ae POTASIO es \u00fatil para evitar los calambres musculares y las dolencias del sistema nervioso. Ayuda a aumentar el metabolismo y la energ\u00eda.<\/span><\/li>\r\n<\/ul>\r\n&nbsp;\r\n\r\n<span style=\"font-weight: 400\">\u2705<\/span><span style=\"font-weight: 400\"> 100% VEGANO Y SIN ADITIVOS<\/span>\r\n\r\n<span style=\"font-weight: 400\">Potasio natural Vegano en dosis altas - Estos comprimidos con citrato de potasio son ideales para proporcionarle al cuerpo los nutrientes necesarios suficientes. Es una f\u00f3rmula puramente vegana, sin aditivos, sin colorantes ni conservantes nocivos.\u00a0<\/span>\r\n\r\n<span style=\"font-weight: 400\">\u2705<\/span><span style=\"font-weight: 400\"> PRODUCTO DE CALIDAD PREMIUM - ADVANCED VITALITY - GARANT\u00cdA DE SATISFACCI\u00d3N<\/span>\r\n\r\n<span style=\"font-weight: 400\">Calidad y Satisfacci\u00f3n Garantizadas: La composici\u00f3n NON-GMO de todos nuestros productos, los controles exhaustivos y la Certificaci\u00f3n GMP de nuestros laboratorios, convierten a VITOLAMIN\u00ae en una gran marca de confianza.<\/span>","_et_gb_content_width":""},"product_brand":[],"product_cat":[21],"product_tag":[],"class_list":{"0":"post-235","1":"product","2":"type-product","3":"status-publish","4":"has-post-thumbnail","6":"product_cat-cuerpo-mente","8":"first","9":"instock","10":"taxable","11":"shipping-taxable","12":"purchasable","13":"product-type-simple"},"yoast_head":"<!-- This site is optimized with the Yoast SEO plugin v27.5 - https:\/\/yoast.com\/product\/yoast-seo-wordpress\/ -->\n<title>POTASIO 180 comprimidos - Laboratorios Serra P\u00e0mies<\/title>\n<meta name=\"robots\" content=\"index, follow, max-snippet:-1, max-image-preview:large, max-video-preview:-1\" \/>\n<link rel=\"canonical\" href=\"https:\/\/www.lsp.es\/vitolamin\/producto\/potasio-180-comprimidos\/\" \/>\n<meta property=\"og:locale\" content=\"es_ES\" \/>\n<meta property=\"og:type\" content=\"article\" \/>\n<meta property=\"og:title\" content=\"POTASIO 180 comprimidos - Laboratorios Serra P\u00e0mies\" \/>\n<meta property=\"og:description\" content=\"VITOLAMIN\u00ae POTASIO 180 comprimidos vegetarianos de alta potencia de 379 mg de potasio | Citrato de Potasio Puro 100% natural | Ideal para deportistas.\" \/>\n<meta property=\"og:url\" content=\"https:\/\/www.lsp.es\/vitolamin\/producto\/potasio-180-comprimidos\/\" \/>\n<meta property=\"og:site_name\" content=\"Laboratorios Serra P\u00e0mies\" \/>\n<meta property=\"article:modified_time\" content=\"2024-01-26T08:27:43+00:00\" \/>\n<meta property=\"og:image\" content=\"https:\/\/www.lsp.es\/vitolamin\/wp-content\/uploads\/2024\/01\/B0BLCCQTTT.MAIN_.jpg\" \/>\n\t<meta property=\"og:image:width\" content=\"2178\" \/>\n\t<meta property=\"og:image:height\" content=\"2178\" \/>\n\t<meta property=\"og:image:type\" content=\"image\/jpeg\" \/>\n<meta name=\"twitter:card\" content=\"summary_large_image\" \/>\n<meta name=\"twitter:label1\" content=\"Tiempo de lectura\" \/>\n\t<meta name=\"twitter:data1\" content=\"2 minutos\" \/>\n<script type=\"application\/ld+json\" class=\"yoast-schema-graph\">{\"@context\":\"https:\\\/\\\/schema.org\",\"@graph\":[{\"@type\":\"WebPage\",\"@id\":\"https:\\\/\\\/www.lsp.es\\\/vitolamin\\\/producto\\\/potasio-180-comprimidos\\\/\",\"url\":\"https:\\\/\\\/www.lsp.es\\\/vitolamin\\\/producto\\\/potasio-180-comprimidos\\\/\",\"name\":\"POTASIO 180 comprimidos - Laboratorios Serra P\u00e0mies\",\"isPartOf\":{\"@id\":\"https:\\\/\\\/www.lsp.es\\\/vitolamin\\\/#website\"},\"primaryImageOfPage\":{\"@id\":\"https:\\\/\\\/www.lsp.es\\\/vitolamin\\\/producto\\\/potasio-180-comprimidos\\\/#primaryimage\"},\"image\":{\"@id\":\"https:\\\/\\\/www.lsp.es\\\/vitolamin\\\/producto\\\/potasio-180-comprimidos\\\/#primaryimage\"},\"thumbnailUrl\":\"https:\\\/\\\/www.lsp.es\\\/vitolamin\\\/wp-content\\\/uploads\\\/2024\\\/01\\\/B0BLCCQTTT.MAIN_.jpg\",\"datePublished\":\"2024-01-26T08:24:01+00:00\",\"dateModified\":\"2024-01-26T08:27:43+00:00\",\"breadcrumb\":{\"@id\":\"https:\\\/\\\/www.lsp.es\\\/vitolamin\\\/producto\\\/potasio-180-comprimidos\\\/#breadcrumb\"},\"inLanguage\":\"es\",\"potentialAction\":[{\"@type\":\"ReadAction\",\"target\":[\"https:\\\/\\\/www.lsp.es\\\/vitolamin\\\/producto\\\/potasio-180-comprimidos\\\/\"]}]},{\"@type\":\"ImageObject\",\"inLanguage\":\"es\",\"@id\":\"https:\\\/\\\/www.lsp.es\\\/vitolamin\\\/producto\\\/potasio-180-comprimidos\\\/#primaryimage\",\"url\":\"https:\\\/\\\/www.lsp.es\\\/vitolamin\\\/wp-content\\\/uploads\\\/2024\\\/01\\\/B0BLCCQTTT.MAIN_.jpg\",\"contentUrl\":\"https:\\\/\\\/www.lsp.es\\\/vitolamin\\\/wp-content\\\/uploads\\\/2024\\\/01\\\/B0BLCCQTTT.MAIN_.jpg\",\"width\":2178,\"height\":2178},{\"@type\":\"BreadcrumbList\",\"@id\":\"https:\\\/\\\/www.lsp.es\\\/vitolamin\\\/producto\\\/potasio-180-comprimidos\\\/#breadcrumb\",\"itemListElement\":[{\"@type\":\"ListItem\",\"position\":1,\"name\":\"Portada\",\"item\":\"https:\\\/\\\/www.lsp.es\\\/vitolamin\\\/\"},{\"@type\":\"ListItem\",\"position\":2,\"name\":\"Tienda\",\"item\":\"https:\\\/\\\/www.lsp.es\\\/vitolamin\\\/tienda\\\/\"},{\"@type\":\"ListItem\",\"position\":3,\"name\":\"POTASIO 180 comprimidos\"}]},{\"@type\":\"WebSite\",\"@id\":\"https:\\\/\\\/www.lsp.es\\\/vitolamin\\\/#website\",\"url\":\"https:\\\/\\\/www.lsp.es\\\/vitolamin\\\/\",\"name\":\"Laboratorios Serra P\u00e0mies\",\"description\":\"\",\"potentialAction\":[{\"@type\":\"SearchAction\",\"target\":{\"@type\":\"EntryPoint\",\"urlTemplate\":\"https:\\\/\\\/www.lsp.es\\\/vitolamin\\\/?s={search_term_string}\"},\"query-input\":{\"@type\":\"PropertyValueSpecification\",\"valueRequired\":true,\"valueName\":\"search_term_string\"}}],\"inLanguage\":\"es\"}]}<\/script>\n<!-- \/ Yoast SEO plugin. -->","yoast_head_json":{"title":"POTASIO 180 comprimidos - Laboratorios Serra P\u00e0mies","robots":{"index":"index","follow":"follow","max-snippet":"max-snippet:-1","max-image-preview":"max-image-preview:large","max-video-preview":"max-video-preview:-1"},"canonical":"https:\/\/www.lsp.es\/vitolamin\/producto\/potasio-180-comprimidos\/","og_locale":"es_ES","og_type":"article","og_title":"POTASIO 180 comprimidos - Laboratorios Serra P\u00e0mies","og_description":"VITOLAMIN\u00ae POTASIO 180 comprimidos vegetarianos de alta potencia de 379 mg de potasio | Citrato de Potasio Puro 100% natural | Ideal para deportistas.","og_url":"https:\/\/www.lsp.es\/vitolamin\/producto\/potasio-180-comprimidos\/","og_site_name":"Laboratorios Serra P\u00e0mies","article_modified_time":"2024-01-26T08:27:43+00:00","og_image":[{"width":2178,"height":2178,"url":"https:\/\/www.lsp.es\/vitolamin\/wp-content\/uploads\/2024\/01\/B0BLCCQTTT.MAIN_.jpg","type":"image\/jpeg"}],"twitter_card":"summary_large_image","twitter_misc":{"Tiempo de lectura":"2 minutos"},"schema":{"@context":"https:\/\/schema.org","@graph":[{"@type":"WebPage","@id":"https:\/\/www.lsp.es\/vitolamin\/producto\/potasio-180-comprimidos\/","url":"https:\/\/www.lsp.es\/vitolamin\/producto\/potasio-180-comprimidos\/","name":"POTASIO 180 comprimidos - Laboratorios Serra P\u00e0mies","isPartOf":{"@id":"https:\/\/www.lsp.es\/vitolamin\/#website"},"primaryImageOfPage":{"@id":"https:\/\/www.lsp.es\/vitolamin\/producto\/potasio-180-comprimidos\/#primaryimage"},"image":{"@id":"https:\/\/www.lsp.es\/vitolamin\/producto\/potasio-180-comprimidos\/#primaryimage"},"thumbnailUrl":"https:\/\/www.lsp.es\/vitolamin\/wp-content\/uploads\/2024\/01\/B0BLCCQTTT.MAIN_.jpg","datePublished":"2024-01-26T08:24:01+00:00","dateModified":"2024-01-26T08:27:43+00:00","breadcrumb":{"@id":"https:\/\/www.lsp.es\/vitolamin\/producto\/potasio-180-comprimidos\/#breadcrumb"},"inLanguage":"es","potentialAction":[{"@type":"ReadAction","target":["https:\/\/www.lsp.es\/vitolamin\/producto\/potasio-180-comprimidos\/"]}]},{"@type":"ImageObject","inLanguage":"es","@id":"https:\/\/www.lsp.es\/vitolamin\/producto\/potasio-180-comprimidos\/#primaryimage","url":"https:\/\/www.lsp.es\/vitolamin\/wp-content\/uploads\/2024\/01\/B0BLCCQTTT.MAIN_.jpg","contentUrl":"https:\/\/www.lsp.es\/vitolamin\/wp-content\/uploads\/2024\/01\/B0BLCCQTTT.MAIN_.jpg","width":2178,"height":2178},{"@type":"BreadcrumbList","@id":"https:\/\/www.lsp.es\/vitolamin\/producto\/potasio-180-comprimidos\/#breadcrumb","itemListElement":[{"@type":"ListItem","position":1,"name":"Portada","item":"https:\/\/www.lsp.es\/vitolamin\/"},{"@type":"ListItem","position":2,"name":"Tienda","item":"https:\/\/www.lsp.es\/vitolamin\/tienda\/"},{"@type":"ListItem","position":3,"name":"POTASIO 180 comprimidos"}]},{"@type":"WebSite","@id":"https:\/\/www.lsp.es\/vitolamin\/#website","url":"https:\/\/www.lsp.es\/vitolamin\/","name":"Laboratorios Serra P\u00e0mies","description":"","potentialAction":[{"@type":"SearchAction","target":{"@type":"EntryPoint","urlTemplate":"https:\/\/www.lsp.es\/vitolamin\/?s={search_term_string}"},"query-input":{"@type":"PropertyValueSpecification","valueRequired":true,"valueName":"search_term_string"}}],"inLanguage":"es"}]}},"_links":{"self":[{"href":"https:\/\/www.lsp.es\/vitolamin\/wp-json\/wp\/v2\/product\/235","targetHints":{"allow":["GET"]}}],"collection":[{"href":"https:\/\/www.lsp.es\/vitolamin\/wp-json\/wp\/v2\/product"}],"about":[{"href":"https:\/\/www.lsp.es\/vitolamin\/wp-json\/wp\/v2\/types\/product"}],"replies":[{"embeddable":true,"href":"https:\/\/www.lsp.es\/vitolamin\/wp-json\/wp\/v2\/comments?post=235"}],"wp:featuredmedia":[{"embeddable":true,"href":"https:\/\/www.lsp.es\/vitolamin\/wp-json\/wp\/v2\/media\/236"}],"wp:attachment":[{"href":"https:\/\/www.lsp.es\/vitolamin\/wp-json\/wp\/v2\/media?parent=235"}],"wp:term":[{"taxonomy":"product_brand","embeddable":true,"href":"https:\/\/www.lsp.es\/vitolamin\/wp-json\/wp\/v2\/product_brand?post=235"},{"taxonomy":"product_cat","embeddable":true,"href":"https:\/\/www.lsp.es\/vitolamin\/wp-json\/wp\/v2\/product_cat?post=235"},{"taxonomy":"product_tag","embeddable":true,"href":"https:\/\/www.lsp.es\/vitolamin\/wp-json\/wp\/v2\/product_tag?post=235"}],"curies":[{"name":"wp","href":"https:\/\/api.w.org\/{rel}","templated":true}]}}