{"id":274,"date":"2024-01-26T09:49:17","date_gmt":"2024-01-26T08:49:17","guid":{"rendered":"http:\/\/templsp.vl22410.dinaserver.com\/?post_type=product&#038;p=274"},"modified":"2025-09-30T15:32:29","modified_gmt":"2025-09-30T13:32:29","slug":"zinc-365-comprimidos","status":"publish","type":"product","link":"https:\/\/www.lsp.es\/vitolamin\/producto\/zinc-365-comprimidos\/","title":{"rendered":"ZINC 365 comprimidos"},"content":{"rendered":"<p>[et_pb_section fb_built=\u00bb1&#8243; _builder_version=\u00bb4.24.0&#8243; custom_padding=\u00bb0px||||false|false\u00bb global_colors_info=\u00bb{}\u00bb][et_pb_row _builder_version=\u00bb4.16&#8243; background_size=\u00bbinitial\u00bb background_position=\u00bbtop_left\u00bb background_repeat=\u00bbrepeat\u00bb width=\u00bb100%\u00bb custom_padding=\u00bb0px||0px||false|false\u00bb global_colors_info=\u00bb{}\u00bb][et_pb_column type=\u00bb4_4&#8243; _builder_version=\u00bb4.16&#8243; custom_padding=\u00bb|||\u00bb global_colors_info=\u00bb{}\u00bb custom_padding__hover=\u00bb|||\u00bb][et_pb_wc_breadcrumb _builder_version=\u00bb4.16&#8243; global_colors_info=\u00bb{}\u00bb][\/et_pb_wc_breadcrumb][et_pb_wc_cart_notice _builder_version=\u00bb4.16&#8243; global_colors_info=\u00bb{}\u00bb][\/et_pb_wc_cart_notice][\/et_pb_column][\/et_pb_row][et_pb_row column_structure=\u00bb1_2,1_2&#8243; _builder_version=\u00bb4.16&#8243; background_size=\u00bbinitial\u00bb background_position=\u00bbtop_left\u00bb background_repeat=\u00bbrepeat\u00bb width=\u00bb100%\u00bb custom_padding=\u00bb0px||||false|false\u00bb global_colors_info=\u00bb{}\u00bb][et_pb_column type=\u00bb1_2&#8243; _builder_version=\u00bb4.16&#8243; custom_padding=\u00bb|||\u00bb global_colors_info=\u00bb{}\u00bb custom_padding__hover=\u00bb|||\u00bb][et_pb_wc_images _builder_version=\u00bb4.16&#8243; global_colors_info=\u00bb{}\u00bb][\/et_pb_wc_images][\/et_pb_column][et_pb_column type=\u00bb1_2&#8243; _builder_version=\u00bb4.16&#8243; custom_padding=\u00bb|||\u00bb global_colors_info=\u00bb{}\u00bb custom_padding__hover=\u00bb|||\u00bb][et_pb_wc_title _builder_version=\u00bb4.16&#8243; global_colors_info=\u00bb{}\u00bb][\/et_pb_wc_title][et_pb_wc_price _builder_version=\u00bb4.24.0&#8243; body_font=\u00bbLeague Spartan||||||||\u00bb body_text_color=\u00bb#008665&#8243; global_colors_info=\u00bb{}\u00bb][\/et_pb_wc_price][et_pb_wc_description _builder_version=\u00bb4.16&#8243; global_colors_info=\u00bb{}\u00bb][\/et_pb_wc_description][et_pb_wc_add_to_cart _builder_version=\u00bb4.24.0&#8243; fields_background_color=\u00bb#FFFFFF\u00bb fields_text_color=\u00bb#000000&#8243; custom_button=\u00bbon\u00bb button_text_color=\u00bb#008665&#8243; global_colors_info=\u00bb{}\u00bb][\/et_pb_wc_add_to_cart][et_pb_wc_meta _builder_version=\u00bb4.16&#8243; global_colors_info=\u00bb{}\u00bb][\/et_pb_wc_meta][\/et_pb_column][\/et_pb_row][et_pb_row _builder_version=\u00bb4.16&#8243; background_size=\u00bbinitial\u00bb background_position=\u00bbtop_left\u00bb background_repeat=\u00bbrepeat\u00bb width=\u00bb100%\u00bb global_colors_info=\u00bb{}\u00bb][et_pb_column type=\u00bb4_4&#8243; _builder_version=\u00bb4.16&#8243; custom_padding=\u00bb|||\u00bb global_colors_info=\u00bb{}\u00bb custom_padding__hover=\u00bb|||\u00bb][et_pb_wc_tabs include_tabs=\u00bbdescription|additional_information|\u00bb _builder_version=\u00bb4.24.0&#8243; global_colors_info=\u00bb{}\u00bb]\t\t\t\t\t[\/et_pb_wc_tabs][et_pb_wc_upsells _builder_version=\u00bb4.16&#8243; global_colors_info=\u00bb{}\u00bb][\/et_pb_wc_upsells][et_pb_wc_related_products _builder_version=\u00bb4.16&#8243; global_colors_info=\u00bb{}\u00bb][\/et_pb_wc_related_products][\/et_pb_column][\/et_pb_row][\/et_pb_section]<\/p>\n","protected":false},"excerpt":{"rendered":"<p><span style=\"font-weight: 400;\">VITOLAMIN\u00ae ZINC 365 comprimidos vegetarianos | Zinc (\u00f3xido de zinc) puro y altamente biodisponible | Mantenimiento del cabello, la piel y las u\u00f1as en condiciones normales.<\/span><\/p>\n","protected":false},"featured_media":275,"comment_status":"open","ping_status":"closed","template":"","meta":{"_et_pb_use_builder":"on","_et_pb_old_content":"<b><i>Acerca de este producto<\/i><\/b>\r\n\r\n<span style=\"font-weight: 400\">\u2705<\/span><span style=\"font-weight: 400\"> 25 MG DE ZINC POR DOSIS DIARIA \u2013 1 comprimido<\/span>\r\n\r\n<span style=\"font-weight: 400\">Cada bote de VITOLAMIN\u00ae ZINC contiene 365 comprimidos vegetarianos peque\u00f1os y f\u00e1ciles de tragar.\u00a0<\/span>\r\n\r\n<span style=\"font-weight: 400\">\u2705<\/span><span style=\"font-weight: 400\"> CABELLO Y PIEL<\/span>\r\n<ul>\r\n \t<li style=\"font-weight: 400\"><span style=\"font-weight: 400\">Promueve la salud de la piel y del cabello: el zinc es necesario para la producci\u00f3n de nuevas c\u00e9lulas de la piel y reducir el riesgo de acn\u00e9, e indispensable en el cuidado y mantenimiento del cabello para evitar su ca\u00edda.<\/span><\/li>\r\n<\/ul>\r\n&nbsp;\r\n\r\n<span style=\"font-weight: 400\">\u2705<\/span><span style=\"font-weight: 400\"> SISTEMA NERVIOSO<\/span>\r\n<ul>\r\n \t<li style=\"font-weight: 400\"><span style=\"font-weight: 400\">El suplemento de zinc es esencial para mantener la funci\u00f3n cognitiva y se le ha relacionado con la mejora de la memoria, el aprendizaje y la capacidad de resoluci\u00f3n de problemas.<\/span><\/li>\r\n<\/ul>\r\n&nbsp;\r\n\r\n<span style=\"font-weight: 400\">\u2705<\/span><span style=\"font-weight: 400\"> PREVENCI\u00d3N DEL ESTR\u00c9S OXIDATIVO<\/span>\r\n<ul>\r\n \t<li style=\"font-weight: 400\"><span style=\"font-weight: 400\">Los comprimidos de zinc ayudan a reducir el estr\u00e9s oxidativo al actuar como un catalizador enzim\u00e1tico en el metabolismo de l\u00edpidos, carbohidratos y prote\u00ednas.<\/span><\/li>\r\n<\/ul>\r\n&nbsp;\r\n\r\n<span style=\"font-weight: 400\">\u2705<\/span><span style=\"font-weight: 400\"> 100% VEGANO Y SIN ADITIVOS - Nuestro zinc est\u00e1 elaborado sin aditivos artificiales, sin lactosa, sin gluten y sin conservantes. NON-GMO (sin organismos gen\u00e9ticamente modificados)<\/span>\r\n\r\n<span style=\"font-weight: 400\">\u2705<\/span><span style=\"font-weight: 400\"> PRODUCTO DE CALIDAD PREMIUM - ADVANCED VITALITY - GARANT\u00cdA DE SATISFACCI\u00d3N<\/span>\r\n\r\n<span style=\"font-weight: 400\">Es importante que nuestros clientes est\u00e9n satisfechos, as\u00ed que no dude en contactarnos si tiene alguna pregunta sobre nuestros productos. Adem\u00e1s solo usamos materias primas certificadas que est\u00e1n de acuerdo con los est\u00e1ndares de calidad reconocidos internacionalmente y con producci\u00f3n bajo certificaci\u00f3n GMP (Good Manufacturing Practice).<\/span>\r\n\r\n<b><i>Informaci\u00f3n adicional<\/i><\/b>\r\n\r\n<span style=\"font-weight: 400\">\u2705<\/span><span style=\"font-weight: 400\"> El zinc adem\u00e1s contribuye al cuidado y mantenimiento normal de las u\u00f1as (manos y pies).<\/span>","_et_gb_content_width":""},"product_brand":[],"product_cat":[19],"product_tag":[],"class_list":{"0":"post-274","1":"product","2":"type-product","3":"status-publish","4":"has-post-thumbnail","6":"product_cat-belleza","8":"first","9":"outofstock","10":"taxable","11":"shipping-taxable","12":"purchasable","13":"product-type-simple"},"yoast_head":"<!-- This site is optimized with the Yoast SEO plugin v27.5 - https:\/\/yoast.com\/product\/yoast-seo-wordpress\/ -->\n<title>ZINC 365 comprimidos - Laboratorios Serra P\u00e0mies<\/title>\n<meta name=\"robots\" content=\"index, follow, max-snippet:-1, max-image-preview:large, max-video-preview:-1\" \/>\n<link rel=\"canonical\" href=\"https:\/\/www.lsp.es\/vitolamin\/producto\/zinc-365-comprimidos\/\" \/>\n<meta property=\"og:locale\" content=\"es_ES\" \/>\n<meta property=\"og:type\" content=\"article\" \/>\n<meta property=\"og:title\" content=\"ZINC 365 comprimidos - Laboratorios Serra P\u00e0mies\" \/>\n<meta property=\"og:description\" content=\"VITOLAMIN\u00ae ZINC 365 comprimidos vegetarianos | Zinc (\u00f3xido de zinc) puro y altamente biodisponible | Mantenimiento del cabello, la piel y las u\u00f1as en condiciones normales.\" \/>\n<meta property=\"og:url\" content=\"https:\/\/www.lsp.es\/vitolamin\/producto\/zinc-365-comprimidos\/\" \/>\n<meta property=\"og:site_name\" content=\"Laboratorios Serra P\u00e0mies\" \/>\n<meta property=\"article:modified_time\" content=\"2025-09-30T13:32:29+00:00\" \/>\n<meta property=\"og:image\" content=\"https:\/\/www.lsp.es\/vitolamin\/wp-content\/uploads\/2024\/01\/B0B574B3FQ.MAIN_.jpg\" \/>\n\t<meta property=\"og:image:width\" content=\"2178\" \/>\n\t<meta property=\"og:image:height\" content=\"2178\" \/>\n\t<meta property=\"og:image:type\" content=\"image\/jpeg\" \/>\n<meta name=\"twitter:card\" content=\"summary_large_image\" \/>\n<meta name=\"twitter:label1\" content=\"Tiempo de lectura\" \/>\n\t<meta name=\"twitter:data1\" content=\"3 minutos\" \/>\n<script type=\"application\/ld+json\" class=\"yoast-schema-graph\">{\"@context\":\"https:\\\/\\\/schema.org\",\"@graph\":[{\"@type\":\"WebPage\",\"@id\":\"https:\\\/\\\/www.lsp.es\\\/vitolamin\\\/producto\\\/zinc-365-comprimidos\\\/\",\"url\":\"https:\\\/\\\/www.lsp.es\\\/vitolamin\\\/producto\\\/zinc-365-comprimidos\\\/\",\"name\":\"ZINC 365 comprimidos - Laboratorios Serra P\u00e0mies\",\"isPartOf\":{\"@id\":\"https:\\\/\\\/www.lsp.es\\\/vitolamin\\\/#website\"},\"primaryImageOfPage\":{\"@id\":\"https:\\\/\\\/www.lsp.es\\\/vitolamin\\\/producto\\\/zinc-365-comprimidos\\\/#primaryimage\"},\"image\":{\"@id\":\"https:\\\/\\\/www.lsp.es\\\/vitolamin\\\/producto\\\/zinc-365-comprimidos\\\/#primaryimage\"},\"thumbnailUrl\":\"https:\\\/\\\/www.lsp.es\\\/vitolamin\\\/wp-content\\\/uploads\\\/2024\\\/01\\\/B0B574B3FQ.MAIN_.jpg\",\"datePublished\":\"2024-01-26T08:49:17+00:00\",\"dateModified\":\"2025-09-30T13:32:29+00:00\",\"breadcrumb\":{\"@id\":\"https:\\\/\\\/www.lsp.es\\\/vitolamin\\\/producto\\\/zinc-365-comprimidos\\\/#breadcrumb\"},\"inLanguage\":\"es\",\"potentialAction\":[{\"@type\":\"ReadAction\",\"target\":[\"https:\\\/\\\/www.lsp.es\\\/vitolamin\\\/producto\\\/zinc-365-comprimidos\\\/\"]}]},{\"@type\":\"ImageObject\",\"inLanguage\":\"es\",\"@id\":\"https:\\\/\\\/www.lsp.es\\\/vitolamin\\\/producto\\\/zinc-365-comprimidos\\\/#primaryimage\",\"url\":\"https:\\\/\\\/www.lsp.es\\\/vitolamin\\\/wp-content\\\/uploads\\\/2024\\\/01\\\/B0B574B3FQ.MAIN_.jpg\",\"contentUrl\":\"https:\\\/\\\/www.lsp.es\\\/vitolamin\\\/wp-content\\\/uploads\\\/2024\\\/01\\\/B0B574B3FQ.MAIN_.jpg\",\"width\":2178,\"height\":2178},{\"@type\":\"BreadcrumbList\",\"@id\":\"https:\\\/\\\/www.lsp.es\\\/vitolamin\\\/producto\\\/zinc-365-comprimidos\\\/#breadcrumb\",\"itemListElement\":[{\"@type\":\"ListItem\",\"position\":1,\"name\":\"Portada\",\"item\":\"https:\\\/\\\/www.lsp.es\\\/vitolamin\\\/\"},{\"@type\":\"ListItem\",\"position\":2,\"name\":\"Tienda\",\"item\":\"https:\\\/\\\/www.lsp.es\\\/vitolamin\\\/tienda\\\/\"},{\"@type\":\"ListItem\",\"position\":3,\"name\":\"ZINC 365 comprimidos\"}]},{\"@type\":\"WebSite\",\"@id\":\"https:\\\/\\\/www.lsp.es\\\/vitolamin\\\/#website\",\"url\":\"https:\\\/\\\/www.lsp.es\\\/vitolamin\\\/\",\"name\":\"Laboratorios Serra P\u00e0mies\",\"description\":\"\",\"potentialAction\":[{\"@type\":\"SearchAction\",\"target\":{\"@type\":\"EntryPoint\",\"urlTemplate\":\"https:\\\/\\\/www.lsp.es\\\/vitolamin\\\/?s={search_term_string}\"},\"query-input\":{\"@type\":\"PropertyValueSpecification\",\"valueRequired\":true,\"valueName\":\"search_term_string\"}}],\"inLanguage\":\"es\"}]}<\/script>\n<!-- \/ Yoast SEO plugin. -->","yoast_head_json":{"title":"ZINC 365 comprimidos - Laboratorios Serra P\u00e0mies","robots":{"index":"index","follow":"follow","max-snippet":"max-snippet:-1","max-image-preview":"max-image-preview:large","max-video-preview":"max-video-preview:-1"},"canonical":"https:\/\/www.lsp.es\/vitolamin\/producto\/zinc-365-comprimidos\/","og_locale":"es_ES","og_type":"article","og_title":"ZINC 365 comprimidos - Laboratorios Serra P\u00e0mies","og_description":"VITOLAMIN\u00ae ZINC 365 comprimidos vegetarianos | Zinc (\u00f3xido de zinc) puro y altamente biodisponible | Mantenimiento del cabello, la piel y las u\u00f1as en condiciones normales.","og_url":"https:\/\/www.lsp.es\/vitolamin\/producto\/zinc-365-comprimidos\/","og_site_name":"Laboratorios Serra P\u00e0mies","article_modified_time":"2025-09-30T13:32:29+00:00","og_image":[{"width":2178,"height":2178,"url":"https:\/\/www.lsp.es\/vitolamin\/wp-content\/uploads\/2024\/01\/B0B574B3FQ.MAIN_.jpg","type":"image\/jpeg"}],"twitter_card":"summary_large_image","twitter_misc":{"Tiempo de lectura":"3 minutos"},"schema":{"@context":"https:\/\/schema.org","@graph":[{"@type":"WebPage","@id":"https:\/\/www.lsp.es\/vitolamin\/producto\/zinc-365-comprimidos\/","url":"https:\/\/www.lsp.es\/vitolamin\/producto\/zinc-365-comprimidos\/","name":"ZINC 365 comprimidos - Laboratorios Serra P\u00e0mies","isPartOf":{"@id":"https:\/\/www.lsp.es\/vitolamin\/#website"},"primaryImageOfPage":{"@id":"https:\/\/www.lsp.es\/vitolamin\/producto\/zinc-365-comprimidos\/#primaryimage"},"image":{"@id":"https:\/\/www.lsp.es\/vitolamin\/producto\/zinc-365-comprimidos\/#primaryimage"},"thumbnailUrl":"https:\/\/www.lsp.es\/vitolamin\/wp-content\/uploads\/2024\/01\/B0B574B3FQ.MAIN_.jpg","datePublished":"2024-01-26T08:49:17+00:00","dateModified":"2025-09-30T13:32:29+00:00","breadcrumb":{"@id":"https:\/\/www.lsp.es\/vitolamin\/producto\/zinc-365-comprimidos\/#breadcrumb"},"inLanguage":"es","potentialAction":[{"@type":"ReadAction","target":["https:\/\/www.lsp.es\/vitolamin\/producto\/zinc-365-comprimidos\/"]}]},{"@type":"ImageObject","inLanguage":"es","@id":"https:\/\/www.lsp.es\/vitolamin\/producto\/zinc-365-comprimidos\/#primaryimage","url":"https:\/\/www.lsp.es\/vitolamin\/wp-content\/uploads\/2024\/01\/B0B574B3FQ.MAIN_.jpg","contentUrl":"https:\/\/www.lsp.es\/vitolamin\/wp-content\/uploads\/2024\/01\/B0B574B3FQ.MAIN_.jpg","width":2178,"height":2178},{"@type":"BreadcrumbList","@id":"https:\/\/www.lsp.es\/vitolamin\/producto\/zinc-365-comprimidos\/#breadcrumb","itemListElement":[{"@type":"ListItem","position":1,"name":"Portada","item":"https:\/\/www.lsp.es\/vitolamin\/"},{"@type":"ListItem","position":2,"name":"Tienda","item":"https:\/\/www.lsp.es\/vitolamin\/tienda\/"},{"@type":"ListItem","position":3,"name":"ZINC 365 comprimidos"}]},{"@type":"WebSite","@id":"https:\/\/www.lsp.es\/vitolamin\/#website","url":"https:\/\/www.lsp.es\/vitolamin\/","name":"Laboratorios Serra P\u00e0mies","description":"","potentialAction":[{"@type":"SearchAction","target":{"@type":"EntryPoint","urlTemplate":"https:\/\/www.lsp.es\/vitolamin\/?s={search_term_string}"},"query-input":{"@type":"PropertyValueSpecification","valueRequired":true,"valueName":"search_term_string"}}],"inLanguage":"es"}]}},"_links":{"self":[{"href":"https:\/\/www.lsp.es\/vitolamin\/wp-json\/wp\/v2\/product\/274","targetHints":{"allow":["GET"]}}],"collection":[{"href":"https:\/\/www.lsp.es\/vitolamin\/wp-json\/wp\/v2\/product"}],"about":[{"href":"https:\/\/www.lsp.es\/vitolamin\/wp-json\/wp\/v2\/types\/product"}],"replies":[{"embeddable":true,"href":"https:\/\/www.lsp.es\/vitolamin\/wp-json\/wp\/v2\/comments?post=274"}],"wp:featuredmedia":[{"embeddable":true,"href":"https:\/\/www.lsp.es\/vitolamin\/wp-json\/wp\/v2\/media\/275"}],"wp:attachment":[{"href":"https:\/\/www.lsp.es\/vitolamin\/wp-json\/wp\/v2\/media?parent=274"}],"wp:term":[{"taxonomy":"product_brand","embeddable":true,"href":"https:\/\/www.lsp.es\/vitolamin\/wp-json\/wp\/v2\/product_brand?post=274"},{"taxonomy":"product_cat","embeddable":true,"href":"https:\/\/www.lsp.es\/vitolamin\/wp-json\/wp\/v2\/product_cat?post=274"},{"taxonomy":"product_tag","embeddable":true,"href":"https:\/\/www.lsp.es\/vitolamin\/wp-json\/wp\/v2\/product_tag?post=274"}],"curies":[{"name":"wp","href":"https:\/\/api.w.org\/{rel}","templated":true}]}}